{"id":2156,"date":"2020-02-20T08:26:14","date_gmt":"2020-02-20T08:26:14","guid":{"rendered":"https:\/\/oceanscreekmauritius.com\/front-page-2\/"},"modified":"2025-03-27T15:27:44","modified_gmt":"2025-03-27T15:27:44","slug":"front-page-2","status":"publish","type":"page","link":"https:\/\/oceanscreekmauritius.com\/fr\/","title":{"rendered":"Front page"},"content":{"rendered":"<div id=\"pl-2156\"  class=\"panel-layout\" ><div id=\"pg-2156-0\"  class=\"panel-grid panel-has-style\" ><div class=\"c-row--valign-default c-row--widget-default c-row--margin-large c-row--column-none siteorigin-panels-stretch panel-row-style panel-row-style-for-2156-0\" data-stretch-type=\"full-width-stretch\" ><div id=\"pgc-2156-0-0\"  class=\"panel-grid-cell\" ><div id=\"panel-2156-0-0-0\" class=\"so-panel widget widget_cn-core-hero-widget panel-first-child panel-last-child\" data-index=\"0\" ><div\n\t\t\t\n\t\t\tclass=\"so-widget-cn-core-hero-widget so-widget-cn-core-hero-widget-base\"\n\t\t\t\n\t\t><section class=\"c-hero no-variation has-video\">\n    <div class=\"c-hero__inner\">\n        \n        <div class=\"c-hero__content\">\n\n                            <h1 class=\"c-hero__heading\">\n                    D\u00e9couvrez notre h\u00f4tel quatre \u00e9toiles sur la c\u00f4te ensoleill\u00e9e du nord-ouest de l'\u00eele Maurice                <\/h1>\n            \n                            <p class=\"c-hero__subheading\">\n                    You are exactly where you are <br \/>meant to be...                <\/p>\n                    <\/div>\n\n        \n    <\/div>\n\n\n                <figure class=\"c-hero__badge c-hero__badge--0\">\n                                        <img decoding=\"async\" data-src=\"https:\/\/hotelcms-production.imgix.net\/oceanscreekmauritius.com\/wp-content\/uploads\/2024\/04\/NC-Website-NG-Logo.png\" data-crop=\"\" src=\"data:image\/gif;base64,R0lGODlhBAADAIAAAAAAAAAAACH5BAEAAAAALAAAAAAEAAMAAAIDhI9WADs=\" class=\"imgix-fluid \/ img-fit\" alt=\"\"  \/><noscript><img decoding=\"async\" src=\"https:\/\/hotelcms-production.imgix.net\/oceanscreekmauritius.com\/wp-content\/uploads\/2024\/04\/NC-Website-NG-Logo.png\" class=\"img-fit\" alt=\"\"  \/><\/noscript>                                <\/figure>\n            \n            <div class=\"c-hero__video-container\">\n            <video\n                class=\"js-hero-video\"\n                data-plyr-config='{\"controls\":[],\"autoplay\":true,\"muted\":true,\"loop\":{\"active\":true}}'\n                autoplay\n                muted\n                playsinline\n            >\n                <source src=\"https:\/\/cdn1.cinema8.com\/mp4\/12400\/168\/168303\/168303_853_1080_0.mp4\" type=\"video\/mp4\">\n            <\/video>\n        <\/div>\n    \n    \n    \n            <a href=\"#main-content\" class=\"c-hero__scroller\" data-module=\"scroll-to\">\n            <span class=\"c-hero__scroller__text\">Scroll to explore<\/span>\n            <span class=\"c-hero__scroller__arrow\"><\/span>\n        <\/a>\n    <\/section>\n<\/div><\/div><\/div><\/div><\/div><div id=\"pg-2156-1\"  class=\"panel-grid panel-has-style\" ><div class=\"c-row--valign-default c-row--widget-spacing c-row--margin-large c-row--column-default siteorigin-panels-stretch has-background c-row--background-cover imgix-fluid crop panel-row-style panel-row-style-for-2156-1\" data-stretch-type=\"full\" data-src=\"\" data-crop=\"\" ><div id=\"pgc-2156-1-0\"  class=\"panel-grid-cell\" ><div id=\"panel-2156-1-0-0\" class=\"so-panel widget widget_cn-core-text-widget panel-first-child panel-last-child\" data-index=\"1\" ><div\n\t\t\t\n\t\t\tclass=\"so-widget-cn-core-text-widget so-widget-cn-core-text-widget-base\"\n\t\t\t\n\t\t>\n<div class=\"c-text c-text--lede\" >\n\n    \n    \n    \n    <div class=\"c-text__content s-entry\">\n        <p>G\u00e9rer par Shanti Hospitality, Ocean's Creek Beach Hotel est nich\u00e9 sur la c\u00f4te nord-ouest de l'\u00eele Maurice, pr\u00e8s de Balaclava. Gr\u00e2ce \u00e0 son emplacement strat\u00e9gique, l'h\u00f4tel est accessible de toutes les r\u00e9gions de Maurice, d\u00e9couvrant la culture et la nature de l'\u00eele. L'h\u00f4tel offre une vue splendide sur la rivi\u00e8re Tombeau et la plage Le Goulet, offrant un chaleureux coucher de soleil en fin de journ\u00e9e. Avec 365 jours de divertissement polyvalent, Ocean's Creek garantit une exp\u00e9rience client dynamique avec son \u00e9quipe.<\/p>\n    <\/div>\n\n<\/div>\n<\/div><\/div><\/div><\/div><\/div><div id=\"pg-2156-2\"  class=\"panel-grid panel-has-style\" ><div class=\"c-row--valign-default c-row--widget-default c-row--margin-large c-row--column-default siteorigin-panels-stretch panel-row-style panel-row-style-for-2156-2\" data-stretch-type=\"full-width-stretch\" ><div id=\"pgc-2156-2-0\"  class=\"panel-grid-cell\" ><div id=\"panel-2156-2-0-0\" class=\"so-panel widget widget_cn-core-cta-widget panel-first-child panel-last-child\" data-index=\"2\" ><div\n\t\t\t\n\t\t\tclass=\"so-widget-cn-core-cta-widget so-widget-cn-core-cta-widget-base\"\n\t\t\t\n\t\t><div class=\"c-cta c-cta--layout-breaker-left no-variation has-background\">\n\n    <div class=\"c-cta__content\">\n\n        <div class=\"c-cta__inner\">\n\n            \n            \n            \n            \n                <div class=\"c-cta__headings\">\n\n                \n                                    <h2 class=\"c-cta__heading\">\n                        D\u00e9couvrir                    <\/h2>\n                \n                \n                <\/div>\n\n            \n            \n            \n                            <div class=\"c-cta__text \/ s-entry\">\n                    <p>Chez Ocean's Creek, nous veillons \u00e0 offrir des services de qualit\u00e9 dans toutes nos installations pour une escapade m\u00e9morable. Avec 136 diff\u00e9rentes chambres, les clients peuvent d\u00e9couvrir nos chambres pour toutes categories - les couples, la famille et les amis qui donnent sur le jardin, la rivi\u00e8re et les autres propri\u00e9t\u00e9s de l'h\u00f4tel. Lors de votre s\u00e9jour \u00e0 l'h\u00f4tel, vous serez enthousiasm\u00e9 par l'\u00e9nergie vibrante de notre \u00e9quipe avec une vari\u00e9t\u00e9 d'activit\u00e9s, tant int\u00e9rieures qu'ext\u00e9rieures, pour vous garantir une escapade m\u00e9morable.<\/p>\n                <\/div>\n            \n            \n            \n                    <\/div>\n\n    <\/div>\n\n    \n            <div data-src=\"https:\/\/hotelcms-production.imgix.net\/oceanscreekmauritius.com\/wp-content\/uploads\/2023\/07\/23-OC35-scaled.jpg\" data-crop=\"\" class=\"imgix-fluid  crop \/ c-background c-cta__background\"><\/div><noscript><div style=\"background-image: url(https:\/\/hotelcms-production.imgix.net\/oceanscreekmauritius.com\/wp-content\/uploads\/2023\/07\/23-OC35-scaled.jpg);\" class=\"crop \/ c-background c-cta__background\" ><\/div><\/noscript>    \n    \n<\/div>\n\n<\/div><\/div><\/div><\/div><\/div><div id=\"pg-2156-3\"  class=\"panel-grid panel-has-style\" ><div class=\"c-row--valign-default c-row--widget-none c-row--margin-large c-row--column-small siteorigin-panels-stretch panel-row-style panel-row-style-for-2156-3\" data-stretch-type=\"full-width-stretch\" ><div id=\"pgc-2156-3-0\"  class=\"panel-grid-cell\" ><div id=\"panel-2156-3-0-0\" class=\"so-panel widget widget_cn-core-image-widget panel-first-child panel-last-child\" data-index=\"3\" ><div\n\t\t\t\n\t\t\tclass=\"so-widget-cn-core-image-widget so-widget-cn-core-image-widget-base\"\n\t\t\t\n\t\t>\n<div class=\"c-image-container  no-variation\">\n    \n    <figure class=\"crop\">\n                    <div data-src=\"https:\/\/hotelcms-production.imgix.net\/oceanscreekmauritius.com\/wp-content\/uploads\/2025\/03\/amended.jpg\" data-crop=\"\" class=\"imgix-fluid  c-image\"><\/div><noscript><div style=\"background-image: url(https:\/\/hotelcms-production.imgix.net\/oceanscreekmauritius.com\/wp-content\/uploads\/2025\/03\/amended.jpg);\" class=\"c-image\" ><\/div><\/noscript>            <\/figure>\n\n    <\/div>\n<\/div><\/div><\/div><div id=\"pgc-2156-3-1\"  class=\"panel-grid-cell\" ><div id=\"panel-2156-3-1-0\" class=\"so-panel widget widget_cn-core-image-widget panel-first-child panel-last-child\" data-index=\"4\" ><div\n\t\t\t\n\t\t\tclass=\"so-widget-cn-core-image-widget so-widget-cn-core-image-widget-base\"\n\t\t\t\n\t\t>\n<div class=\"c-image-container  c-image--4x6\">\n    \n    <figure class=\"crop\">\n                    <div data-src=\"https:\/\/hotelcms-production.imgix.net\/oceanscreekmauritius.com\/wp-content\/uploads\/2024\/10\/Oceanscreek_Poolbar3.jpg\" data-crop=\"\" class=\"imgix-fluid  c-image\"><\/div><noscript><div style=\"background-image: url(https:\/\/hotelcms-production.imgix.net\/oceanscreekmauritius.com\/wp-content\/uploads\/2024\/10\/Oceanscreek_Poolbar3.jpg);\" class=\"c-image\" ><\/div><\/noscript>            <\/figure>\n\n    <\/div>\n<\/div><\/div><\/div><div id=\"pgc-2156-3-2\"  class=\"panel-grid-cell\" ><div id=\"panel-2156-3-2-0\" class=\"so-panel widget widget_cn-core-image-widget panel-first-child\" data-index=\"5\" ><div\n\t\t\t\n\t\t\tclass=\"so-widget-cn-core-image-widget so-widget-cn-core-image-widget-base\"\n\t\t\t\n\t\t>\n<div class=\"c-image-container  c-image--16-9\">\n    \n    <figure class=\"img-fit\">\n                    <img decoding=\"async\" data-src=\"https:\/\/hotelcms-production.imgix.net\/oceanscreekmauritius.com\/wp-content\/uploads\/2025\/03\/Amended-website.jpg\" data-crop=\"\" src=\"data:image\/gif;base64,R0lGODlhBAADAIAAAAAAAAAAACH5BAEAAAAALAAAAAAEAAMAAAIDhI9WADs=\" class=\"imgix-fluid \/ c-image\" alt=\"\"  \/><noscript><img decoding=\"async\" src=\"https:\/\/hotelcms-production.imgix.net\/oceanscreekmauritius.com\/wp-content\/uploads\/2025\/03\/Amended-website.jpg\" class=\"c-image\" alt=\"\"  \/><\/noscript>            <\/figure>\n\n    <\/div>\n<\/div><\/div><div id=\"panel-2156-3-2-1\" class=\"so-panel widget widget_cn-core-text-widget panel-last-child\" data-index=\"6\" ><div\n\t\t\t\n\t\t\tclass=\"so-widget-cn-core-text-widget so-widget-cn-core-text-widget-base\"\n\t\t\t\n\t\t>\n<div class=\"c-text no-variation\" >\n\n    \n    \n    \n    <div class=\"c-text__content s-entry\">\n        <p>&nbsp;<\/p>\n<p style=\"text-align: center;\">Chez Ocean's Creek,<\/p>\n<p style=\"text-align: center;\">Notre \u00e9quipe accompagne les clients dans le parcours de leur s\u00e9jour afin d'aiguiser leurs connaissances sur l'hospitalit\u00e9 mauricienne ainsi que sur la d\u00e9couverte des petits joyaux de l'\u00eele.<\/p>\n<p style=\"text-align: center;\">\n    <\/div>\n\n<\/div>\n<\/div><\/div><\/div><\/div><\/div><div id=\"pg-2156-4\"  class=\"panel-grid panel-has-style\" ><div class=\"c-row--valign-default c-row--widget-none c-row--margin-large c-row--column-default siteorigin-panels-stretch panel-row-style panel-row-style-for-2156-4\" data-stretch-type=\"full-width-stretch\" ><div id=\"pgc-2156-4-0\"  class=\"panel-grid-cell\" ><div id=\"panel-2156-4-0-0\" class=\"so-panel widget widget_cn-core-cta-widget panel-first-child panel-last-child\" data-index=\"7\" ><div\n\t\t\t\n\t\t\tclass=\"so-widget-cn-core-cta-widget so-widget-cn-core-cta-widget-base\"\n\t\t\t\n\t\t><div class=\"c-cta c-cta--layout-image-right no-variation has-background\">\n\n    <div class=\"c-cta__content\">\n\n        <div class=\"c-cta__inner\">\n\n                            <a href=\"https:\/\/oceanscreekmauritius.com\/accommodation\/rooms\/\" class=\"c-cta__anchor\">\n            \n            \n            \n            \n                <div class=\"c-cta__headings\">\n\n                \n                                    <h2 class=\"c-cta__heading\">\n                        Chambres et suites                    <\/h2>\n                \n                \n                <\/div>\n\n            \n            \n                            <\/a>\n            \n                            <div class=\"c-cta__text \/ s-entry\">\n                    <p>D\u00e9couvrez une hospitalit\u00e9 adapt\u00e9e \u00e0 vos besoins avec diverses options d'h\u00e9bergement dans 136 unit\u00e9s r\u00e9parties entre des chambres, des chambres familiales, des suites et des studios \u00e9quip\u00e9s d'une kitchenette, de 34 m\u00b2 \u00e0 67 m\u00b2. Ils offrent tout ce dont un voyageur moderne a besoin pour passer un s\u00e9jour agr\u00e9able et des balcons pour se d\u00e9tendre et observer la vie.<\/p>\n                <\/div>\n            \n            \n                            <div class=\"c-cta__buttons\">\n                    <a  class=\"c-button button \/ c-cta__button  no-variation\" href=\"https:\/\/oceanscreekmauritius.com\/accommodation\/rooms\/\">\n    Explore more<\/a>\n\n\n                <\/div>\n            \n                    <\/div>\n\n    <\/div>\n\n    \n            <div data-src=\"https:\/\/hotelcms-production.imgix.net\/oceanscreekmauritius.com\/wp-content\/uploads\/2023\/07\/3-OC4-scaled.jpg\" data-crop=\"\" class=\"imgix-fluid  crop \/ c-background c-cta__background\"><\/div><noscript><div style=\"background-image: url(https:\/\/hotelcms-production.imgix.net\/oceanscreekmauritius.com\/wp-content\/uploads\/2023\/07\/3-OC4-scaled.jpg);\" class=\"crop \/ c-background c-cta__background\" ><\/div><\/noscript>    \n            <a href=\"https:\/\/oceanscreekmauritius.com\/accommodation\/rooms\/\" class=\"c-cta__detached-anchor\" href=\"https:\/\/oceanscreekmauritius.com\/accommodation\/rooms\/\"><\/a>\n    \n<\/div>\n\n<\/div><\/div><\/div><\/div><\/div><div id=\"pg-2156-5\"  class=\"panel-grid panel-has-style\" ><div class=\"c-row--valign-default c-row--widget-none c-row--margin-large c-row--column-default siteorigin-panels-stretch panel-row-style panel-row-style-for-2156-5\" data-stretch-type=\"full-width-stretch\" ><div id=\"pgc-2156-5-0\"  class=\"panel-grid-cell\" ><div id=\"panel-2156-5-0-0\" class=\"so-panel widget widget_cn-core-cta-widget panel-first-child panel-last-child\" data-index=\"8\" ><div\n\t\t\t\n\t\t\tclass=\"so-widget-cn-core-cta-widget so-widget-cn-core-cta-widget-base\"\n\t\t\t\n\t\t><div class=\"c-cta c-cta--layout-image-left no-variation has-background\">\n\n    <div class=\"c-cta__content\">\n\n        <div class=\"c-cta__inner\">\n\n                            <a href=\"https:\/\/oceanscreekmauritius.com\/restaurants-bars\/\" class=\"c-cta__anchor\">\n            \n            \n            \n            \n                <div class=\"c-cta__headings\">\n\n                \n                                    <h2 class=\"c-cta__heading\">\n                        Boire et manger                    <\/h2>\n                \n                \n                <\/div>\n\n            \n            \n                            <\/a>\n            \n                            <div class=\"c-cta__text \/ s-entry\">\n                    <p>Avec deux restaurants et deux bars, le voyage culinaire \u00e0 l'Ocean's Creek ne manquera pas de plaire aux plus difficiles. D\u00e9gustez des plats locaux et internationaux au Jardin. Savourez les meilleurs steaks et grillades au Rum Shed, ainsi que les plats typiques des tavernes locales. Sirotez votre boisson pr\u00e9f\u00e9r\u00e9e au bar Tam Tam et laissez notre barman vous servir un cocktail rafra\u00eechissant directement dans la piscine au swim up Pool Bar.<\/p>\n                <\/div>\n            \n            \n                            <div class=\"c-cta__buttons\">\n                    <a  class=\"c-button button \/ c-cta__button  no-variation\" href=\"https:\/\/oceanscreekmauritius.com\/restaurants-bars\/\">\n    En savoir plus<\/a>\n\n\n                <\/div>\n            \n                    <\/div>\n\n    <\/div>\n\n    \n            <div data-src=\"https:\/\/hotelcms-production.imgix.net\/oceanscreekmauritius.com\/wp-content\/uploads\/2023\/11\/7-SCP_5751-scaled.jpg\" data-crop=\"centre\" class=\"imgix-fluid  crop \/ c-background c-cta__background\"><\/div><noscript><div style=\"background-image: url(https:\/\/hotelcms-production.imgix.net\/oceanscreekmauritius.com\/wp-content\/uploads\/2023\/11\/7-SCP_5751-scaled.jpg);\" class=\"crop \/ c-background c-cta__background\" ><\/div><\/noscript>    \n            <a href=\"https:\/\/oceanscreekmauritius.com\/restaurants-bars\/\" class=\"c-cta__detached-anchor\" href=\"https:\/\/oceanscreekmauritius.com\/restaurants-bars\/\"><\/a>\n    \n<\/div>\n\n<\/div><\/div><\/div><\/div><\/div><div id=\"pg-2156-6\"  class=\"panel-grid panel-has-style\" ><div class=\"c-row--valign-default c-row--widget-none c-row--margin-large c-row--column-default siteorigin-panels-stretch panel-row-style panel-row-style-for-2156-6\" data-stretch-type=\"full-width-stretch\" ><div id=\"pgc-2156-6-0\"  class=\"panel-grid-cell\" ><div id=\"panel-2156-6-0-0\" class=\"so-panel widget widget_cn-core-cta-widget panel-first-child panel-last-child\" data-index=\"9\" ><div\n\t\t\t\n\t\t\tclass=\"so-widget-cn-core-cta-widget so-widget-cn-core-cta-widget-base\"\n\t\t\t\n\t\t><div class=\"c-cta c-cta--layout-image-right no-variation has-background\">\n\n    <div class=\"c-cta__content\">\n\n        <div class=\"c-cta__inner\">\n\n                            <a href=\"https:\/\/oceanscreekmauritius.com\/wellness-spa\/\" class=\"c-cta__anchor\">\n            \n            \n            \n            \n                <div class=\"c-cta__headings\">\n\n                \n                                    <h2 class=\"c-cta__heading\">\n                        Bien-\u00eatre                    <\/h2>\n                \n                \n                <\/div>\n\n            \n            \n                            <\/a>\n            \n                            <div class=\"c-cta__text \/ s-entry\">\n                    <p>Le bien-\u00eatre est un pilier essentiel de notre philosophie d'entreprise et les activit\u00e9s sont ax\u00e9es sur le bien-\u00eatre du corps, de l'esprit et de l'\u00e2me des clients. \u00c0 Ocean's Creek, vous ne manquerez jamais une s\u00e9ance de spa ou une s\u00e9ance d'entra\u00eenement.<\/p>\n                <\/div>\n            \n            \n                            <div class=\"c-cta__buttons\">\n                    <a  class=\"c-button button \/ c-cta__button  no-variation\" href=\"https:\/\/oceanscreekmauritius.com\/wellness-spa\/\">\n    Discover more<\/a>\n\n\n                <\/div>\n            \n                    <\/div>\n\n    <\/div>\n\n    \n            <div data-src=\"https:\/\/hotelcms-production.imgix.net\/oceanscreekmauritius.com\/wp-content\/uploads\/2023\/07\/35-OC47-scaled.jpg\" data-crop=\"\" class=\"imgix-fluid  crop \/ c-background c-cta__background\"><\/div><noscript><div style=\"background-image: url(https:\/\/hotelcms-production.imgix.net\/oceanscreekmauritius.com\/wp-content\/uploads\/2023\/07\/35-OC47-scaled.jpg);\" class=\"crop \/ c-background c-cta__background\" ><\/div><\/noscript>    \n            <a href=\"https:\/\/oceanscreekmauritius.com\/wellness-spa\/\" class=\"c-cta__detached-anchor\" href=\"https:\/\/oceanscreekmauritius.com\/wellness-spa\/\"><\/a>\n    \n<\/div>\n\n<\/div><\/div><\/div><\/div><\/div><div id=\"pg-2156-7\"  class=\"panel-grid panel-has-style\" ><div class=\"c-row--valign-default c-row--widget-none c-row--margin-default c-row--column-none siteorigin-panels-stretch panel-row-style panel-row-style-for-2156-7\" data-stretch-type=\"full-width-stretch\" ><div id=\"pgc-2156-7-0\"  class=\"panel-grid-cell\" ><div id=\"panel-2156-7-0-0\" class=\"so-panel widget widget_cn-core-cta-widget panel-first-child panel-last-child\" data-index=\"10\" ><div\n\t\t\t\n\t\t\tclass=\"so-widget-cn-core-cta-widget so-widget-cn-core-cta-widget-base\"\n\t\t\t\n\t\t><div class=\"c-cta c-cta--layout-breaker no-variation has-background\">\n\n    <div class=\"c-cta__content\">\n\n        <div class=\"c-cta__inner\">\n\n            \n            \n            \n            \n                <div class=\"c-cta__headings\">\n\n                                    <p class=\"c-cta__preheading\">\n                        Restez avec nous                    <\/p>\n                \n                                    <h2 class=\"c-cta__heading\">\n                        L'aventure commence ici                    <\/h2>\n                \n                \n                <\/div>\n\n            \n            \n            \n                            <div class=\"c-cta__text \/ s-entry\">\n                    <p>H\u00e9bergement exceptionnel, souvenirs culinaires d\u00e9licieux, activit\u00e9s abondantes et divertissements sur mesure. Pr\u00e9parez-vous \u00e0 \u00eatre surpris. Avec 365 jours de soleil, c'est toujours le bon moment pour visiter Ocean's Creek. Alors, commencez \u00e0 planifier votre prochaine aventure d\u00e8s maintenant...<\/p>\n                <\/div>\n            \n            \n                            <div class=\"c-cta__buttons\">\n                    \n<a role=\"button\" class=\"c-button button \/ c-cta__button  namastay-widget-button no-variation\"\n    >\n    Book your stay<\/a>                <\/div>\n            \n                    <\/div>\n\n    <\/div>\n\n    \n            <div data-src=\"https:\/\/hotelcms-production.imgix.net\/oceanscreekmauritius.com\/wp-content\/uploads\/2023\/06\/OC_Slide-night-scaled.jpg\" data-crop=\"\" class=\"imgix-fluid  crop \/ c-background c-cta__background\"><\/div><noscript><div style=\"background-image: url(https:\/\/hotelcms-production.imgix.net\/oceanscreekmauritius.com\/wp-content\/uploads\/2023\/06\/OC_Slide-night-scaled.jpg);\" class=\"crop \/ c-background c-cta__background\" ><\/div><\/noscript>    \n    \n<\/div>\n\n<\/div><\/div><\/div><\/div><\/div><\/div>","protected":false},"excerpt":{"rendered":"<p>D\u00e9couvrez notre h\u00f4tel quatre \u00e9toiles sur la c\u00f4te ensoleill\u00e9e du nord-ouest de l&rsquo;\u00eele Maurice You are exactly where you are meant to be&#8230; Scroll to explore G\u00e9rer par Shanti Hospitality, Ocean&rsquo;s Creek Beach Hotel est nich\u00e9 sur la c\u00f4te nord-ouest de l&rsquo;\u00eele Maurice, pr\u00e8s de Balaclava. Gr\u00e2ce \u00e0 son emplacement strat\u00e9gique, l&rsquo;h\u00f4tel est accessible de &hellip;<\/p>\n","protected":false},"author":1,"featured_media":0,"parent":0,"menu_order":0,"comment_status":"closed","ping_status":"closed","template":"","meta":{"_acf_changed":false,"footnotes":""},"class_list":["post--2156","post--page","post--type-page","post--status-publish","post--hentry"],"acf":[],"_links":{"self":[{"href":"https:\/\/oceanscreekmauritius.com\/fr\/wp-json\/wp\/v2\/pages\/2156","targetHints":{"allow":["GET"]}}],"collection":[{"href":"https:\/\/oceanscreekmauritius.com\/fr\/wp-json\/wp\/v2\/pages"}],"about":[{"href":"https:\/\/oceanscreekmauritius.com\/fr\/wp-json\/wp\/v2\/types\/page"}],"author":[{"embeddable":true,"href":"https:\/\/oceanscreekmauritius.com\/fr\/wp-json\/wp\/v2\/users\/1"}],"replies":[{"embeddable":true,"href":"https:\/\/oceanscreekmauritius.com\/fr\/wp-json\/wp\/v2\/comments?post=2156"}],"version-history":[{"count":6,"href":"https:\/\/oceanscreekmauritius.com\/fr\/wp-json\/wp\/v2\/pages\/2156\/revisions"}],"predecessor-version":[{"id":2589,"href":"https:\/\/oceanscreekmauritius.com\/fr\/wp-json\/wp\/v2\/pages\/2156\/revisions\/2589"}],"wp:attachment":[{"href":"https:\/\/oceanscreekmauritius.com\/fr\/wp-json\/wp\/v2\/media?parent=2156"}],"curies":[{"name":"wp","href":"https:\/\/api.w.org\/{rel}","templated":true}]}}