{"id":2169,"date":"2023-06-27T09:41:00","date_gmt":"2023-06-27T08:41:00","guid":{"rendered":"https:\/\/oceanscreekmauritius.com\/comfort-room\/"},"modified":"2024-05-31T18:00:27","modified_gmt":"2024-05-31T17:00:27","slug":"comfort-room","status":"publish","type":"page","link":"https:\/\/oceanscreekmauritius.com\/fr\/accommodation\/rooms\/comfort-room\/","title":{"rendered":"Comfort Room"},"content":{"rendered":"<div id=\"pl-2169\"  class=\"panel-layout\" ><div id=\"pg-2169-0\"  class=\"panel-grid panel-has-style\" ><div class=\"c-row--valign-default c-row--widget-default c-row--margin-large c-row--column-default siteorigin-panels-stretch panel-row-style panel-row-style-for-2169-0\" data-stretch-type=\"full-stretched\" ><div id=\"pgc-2169-0-0\"  class=\"panel-grid-cell\" ><div id=\"panel-2169-0-0-0\" class=\"so-panel widget widget_cn-core-hero-widget panel-first-child panel-last-child\" data-index=\"0\" ><div\n\t\t\t\n\t\t\tclass=\"so-widget-cn-core-hero-widget so-widget-cn-core-hero-widget-base\"\n\t\t\t\n\t\t><section class=\"c-hero c-hero--short\">\n    <div class=\"c-hero__inner\">\n        \n        <div class=\"c-hero__content\">\n\n                            <h1 class=\"c-hero__heading\">\n                    D\u00e9couvrez notre chambre confort dans notre h\u00f4tel de plage \u00e0 l'\u00eele Maurice                <\/h1>\n            \n                            <p class=\"c-hero__subheading\">\n                    Douillet et confortable                <\/p>\n                    <\/div>\n\n        \n    <\/div>\n\n\n\n    \n    \n    <div data-src=\"https:\/\/hotelcms-production.imgix.net\/oceanscreekmauritius.com\/wp-content\/uploads\/2023\/12\/53-OC5-scaled.jpg\" data-crop=\"centre\" class=\"imgix-fluid  crop \/ c-hero__background\"><\/div><noscript><div style=\"background-image: url(https:\/\/hotelcms-production.imgix.net\/oceanscreekmauritius.com\/wp-content\/uploads\/2023\/12\/53-OC5-scaled.jpg);\" class=\"crop \/ c-hero__background\" ><\/div><\/noscript>\n    \n    <\/section>\n<\/div><\/div><\/div><\/div><\/div><div id=\"pg-2169-1\"  class=\"panel-grid panel-has-style\" ><div class=\"c-row--valign-default c-row--widget-none c-row--margin-small c-row--column-default siteorigin-panels-stretch panel-row-style panel-row-style-for-2169-1\" data-stretch-type=\"full\" ><div id=\"pgc-2169-1-0\"  class=\"panel-grid-cell\" ><div id=\"panel-2169-1-0-0\" class=\"so-panel widget widget_cn-core-icon-list-widget panel-first-child panel-last-child\" data-index=\"1\" ><div\n\t\t\t\n\t\t\tclass=\"so-widget-cn-core-icon-list-widget so-widget-cn-core-icon-list-widget-base\"\n\t\t\t\n\t\t><div class=\"c-icon-list no-variation\" >\n\n    <div class=\"c-icon-list__headings\">\n    \n        \n                    <h2 class=\"c-icon-list__heading\">Room overview<\/h2>\n        \n        \n        <\/div>\n    \n    <ul class=\"c-icon-list__menu\">\n            <li class=\"c-icon-list__item\">\n            <div class=\"c-icon-list__icon img-fit\">\n                <img decoding=\"async\" data-src=\"https:\/\/hotelcms-production.imgix.net\/oceanscreekmauritius.com\/wp-content\/uploads\/2023\/11\/Shanti-icons-32.svg\" data-crop=\"\" src=\"data:image\/gif;base64,R0lGODlhBAADAIAAAAAAAAAAACH5BAEAAAAALAAAAAAEAAMAAAIDhI9WADs=\" class=\"imgix-fluid \/ c-image\" alt=\"\"  \/><noscript><img decoding=\"async\" src=\"https:\/\/hotelcms-production.imgix.net\/oceanscreekmauritius.com\/wp-content\/uploads\/2023\/11\/Shanti-icons-32.svg\" class=\"c-image\" alt=\"\"  \/><\/noscript>            <\/div>\n            <p class=\"c-icon-list__item__text\">Wi-fi gratuit et illimit\u00e9<\/p>\n                    <\/li>\n            <li class=\"c-icon-list__item\">\n            <div class=\"c-icon-list__icon img-fit\">\n                <img decoding=\"async\" data-src=\"https:\/\/hotelcms-production.imgix.net\/oceanscreekmauritius.com\/wp-content\/uploads\/2023\/11\/Shanti-icons-15.svg\" data-crop=\"\" src=\"data:image\/gif;base64,R0lGODlhBAADAIAAAAAAAAAAACH5BAEAAAAALAAAAAAEAAMAAAIDhI9WADs=\" class=\"imgix-fluid \/ c-image\" alt=\"\"  \/><noscript><img decoding=\"async\" src=\"https:\/\/hotelcms-production.imgix.net\/oceanscreekmauritius.com\/wp-content\/uploads\/2023\/11\/Shanti-icons-15.svg\" class=\"c-image\" alt=\"\"  \/><\/noscript>            <\/div>\n            <p class=\"c-icon-list__item__text\">Balcon meubl\u00e9 avec chaises et table pour une pause en toute intimit\u00e9<\/p>\n                    <\/li>\n            <li class=\"c-icon-list__item\">\n            <div class=\"c-icon-list__icon img-fit\">\n                <img decoding=\"async\" data-src=\"https:\/\/hotelcms-production.imgix.net\/oceanscreekmauritius.com\/wp-content\/uploads\/2023\/12\/Keyless.svg\" data-crop=\"\" src=\"data:image\/gif;base64,R0lGODlhBAADAIAAAAAAAAAAACH5BAEAAAAALAAAAAAEAAMAAAIDhI9WADs=\" class=\"imgix-fluid \/ c-image\" alt=\"\"  \/><noscript><img decoding=\"async\" src=\"https:\/\/hotelcms-production.imgix.net\/oceanscreekmauritius.com\/wp-content\/uploads\/2023\/12\/Keyless.svg\" class=\"c-image\" alt=\"\"  \/><\/noscript>            <\/div>\n            <p class=\"c-icon-list__item__text\">Syst\u00e8me de carte \u00e0 puce \u00e9lectronique<\/p>\n                    <\/li>\n            <li class=\"c-icon-list__item\">\n            <div class=\"c-icon-list__icon img-fit\">\n                <img decoding=\"async\" data-src=\"https:\/\/hotelcms-production.imgix.net\/oceanscreekmauritius.com\/wp-content\/uploads\/2023\/11\/Shanti-icons-13.svg\" data-crop=\"\" src=\"data:image\/gif;base64,R0lGODlhBAADAIAAAAAAAAAAACH5BAEAAAAALAAAAAAEAAMAAAIDhI9WADs=\" class=\"imgix-fluid \/ c-image\" alt=\"\"  \/><noscript><img decoding=\"async\" src=\"https:\/\/hotelcms-production.imgix.net\/oceanscreekmauritius.com\/wp-content\/uploads\/2023\/11\/Shanti-icons-13.svg\" class=\"c-image\" alt=\"\"  \/><\/noscript>            <\/div>\n            <p class=\"c-icon-list__item__text\">TV (\u00e9cran plat LCD) avec miroir et streaming<\/p>\n                    <\/li>\n            <li class=\"c-icon-list__item\">\n            <div class=\"c-icon-list__icon img-fit\">\n                <img decoding=\"async\" data-src=\"https:\/\/hotelcms-production.imgix.net\/oceanscreekmauritius.com\/wp-content\/uploads\/2023\/11\/Shanti-icons-07.svg\" data-crop=\"\" src=\"data:image\/gif;base64,R0lGODlhBAADAIAAAAAAAAAAACH5BAEAAAAALAAAAAAEAAMAAAIDhI9WADs=\" class=\"imgix-fluid \/ c-image\" alt=\"\"  \/><noscript><img decoding=\"async\" src=\"https:\/\/hotelcms-production.imgix.net\/oceanscreekmauritius.com\/wp-content\/uploads\/2023\/11\/Shanti-icons-07.svg\" class=\"c-image\" alt=\"\"  \/><\/noscript>            <\/div>\n            <p class=\"c-icon-list__item__text\">Salle de bain attenante avec douche \u00e0 l'italienne et toilettes priv\u00e9es<\/p>\n                    <\/li>\n            <li class=\"c-icon-list__item\">\n            <div class=\"c-icon-list__icon img-fit\">\n                <img decoding=\"async\" data-src=\"https:\/\/hotelcms-production.imgix.net\/oceanscreekmauritius.com\/wp-content\/uploads\/2023\/12\/Air-con.svg\" data-crop=\"\" src=\"data:image\/gif;base64,R0lGODlhBAADAIAAAAAAAAAAACH5BAEAAAAALAAAAAAEAAMAAAIDhI9WADs=\" class=\"imgix-fluid \/ c-image\" alt=\"\"  \/><noscript><img decoding=\"async\" src=\"https:\/\/hotelcms-production.imgix.net\/oceanscreekmauritius.com\/wp-content\/uploads\/2023\/12\/Air-con.svg\" class=\"c-image\" alt=\"\"  \/><\/noscript>            <\/div>\n            <p class=\"c-icon-list__item__text\">Climatisation avec syst\u00e8me de contr\u00f4le individuel<\/p>\n                    <\/li>\n            <li class=\"c-icon-list__item\">\n            <div class=\"c-icon-list__icon img-fit\">\n                <img decoding=\"async\" data-src=\"https:\/\/hotelcms-production.imgix.net\/oceanscreekmauritius.com\/wp-content\/uploads\/2023\/11\/Shanti-icons-27.svg\" data-crop=\"\" src=\"data:image\/gif;base64,R0lGODlhBAADAIAAAAAAAAAAACH5BAEAAAAALAAAAAAEAAMAAAIDhI9WADs=\" class=\"imgix-fluid \/ c-image\" alt=\"\"  \/><noscript><img decoding=\"async\" src=\"https:\/\/hotelcms-production.imgix.net\/oceanscreekmauritius.com\/wp-content\/uploads\/2023\/11\/Shanti-icons-27.svg\" class=\"c-image\" alt=\"\"  \/><\/noscript>            <\/div>\n            <p class=\"c-icon-list__item__text\">Bureau pour l'\u00e9criture quotidienne<\/p>\n                    <\/li>\n            <li class=\"c-icon-list__item\">\n            <div class=\"c-icon-list__icon img-fit\">\n                <img decoding=\"async\" data-src=\"https:\/\/hotelcms-production.imgix.net\/oceanscreekmauritius.com\/wp-content\/uploads\/2023\/12\/Plug.svg\" data-crop=\"\" src=\"data:image\/gif;base64,R0lGODlhBAADAIAAAAAAAAAAACH5BAEAAAAALAAAAAAEAAMAAAIDhI9WADs=\" class=\"imgix-fluid \/ c-image\" alt=\"\"  \/><noscript><img decoding=\"async\" src=\"https:\/\/hotelcms-production.imgix.net\/oceanscreekmauritius.com\/wp-content\/uploads\/2023\/12\/Plug.svg\" class=\"c-image\" alt=\"\"  \/><\/noscript>            <\/div>\n            <p class=\"c-icon-list__item__text\">Prises multiples internationales dans toutes les zones cl\u00e9s de l'h\u00f4tel<\/p>\n                    <\/li>\n            <li class=\"c-icon-list__item\">\n            <div class=\"c-icon-list__icon img-fit\">\n                <img decoding=\"async\" data-src=\"https:\/\/hotelcms-production.imgix.net\/oceanscreekmauritius.com\/wp-content\/uploads\/2023\/12\/Fan.svg\" data-crop=\"\" src=\"data:image\/gif;base64,R0lGODlhBAADAIAAAAAAAAAAACH5BAEAAAAALAAAAAAEAAMAAAIDhI9WADs=\" class=\"imgix-fluid \/ c-image\" alt=\"\"  \/><noscript><img decoding=\"async\" src=\"https:\/\/hotelcms-production.imgix.net\/oceanscreekmauritius.com\/wp-content\/uploads\/2023\/12\/Fan.svg\" class=\"c-image\" alt=\"\"  \/><\/noscript>            <\/div>\n            <p class=\"c-icon-list__item__text\">Ventilateur de plafond<\/p>\n                    <\/li>\n            <li class=\"c-icon-list__item\">\n            <div class=\"c-icon-list__icon img-fit\">\n                <img decoding=\"async\" data-src=\"https:\/\/hotelcms-production.imgix.net\/oceanscreekmauritius.com\/wp-content\/uploads\/2023\/12\/Black-out.svg\" data-crop=\"\" src=\"data:image\/gif;base64,R0lGODlhBAADAIAAAAAAAAAAACH5BAEAAAAALAAAAAAEAAMAAAIDhI9WADs=\" class=\"imgix-fluid \/ c-image\" alt=\"\"  \/><noscript><img decoding=\"async\" src=\"https:\/\/hotelcms-production.imgix.net\/oceanscreekmauritius.com\/wp-content\/uploads\/2023\/12\/Black-out.svg\" class=\"c-image\" alt=\"\"  \/><\/noscript>            <\/div>\n            <p class=\"c-icon-list__item__text\">Rideaux occultants<\/p>\n                    <\/li>\n            <li class=\"c-icon-list__item\">\n            <div class=\"c-icon-list__icon img-fit\">\n                <img decoding=\"async\" data-src=\"https:\/\/hotelcms-production.imgix.net\/oceanscreekmauritius.com\/wp-content\/uploads\/2023\/12\/Phone.svg\" data-crop=\"\" src=\"data:image\/gif;base64,R0lGODlhBAADAIAAAAAAAAAAACH5BAEAAAAALAAAAAAEAAMAAAIDhI9WADs=\" class=\"imgix-fluid \/ c-image\" alt=\"\"  \/><noscript><img decoding=\"async\" src=\"https:\/\/hotelcms-production.imgix.net\/oceanscreekmauritius.com\/wp-content\/uploads\/2023\/12\/Phone.svg\" class=\"c-image\" alt=\"\"  \/><\/noscript>            <\/div>\n            <p class=\"c-icon-list__item__text\">T\u00e9l\u00e9phone et num\u00e9ro de service de l'h\u00f4tel pr\u00e9s\u00e9lectionn\u00e9<\/p>\n                    <\/li>\n            <li class=\"c-icon-list__item\">\n            <div class=\"c-icon-list__icon img-fit\">\n                <img decoding=\"async\" data-src=\"https:\/\/hotelcms-production.imgix.net\/oceanscreekmauritius.com\/wp-content\/uploads\/2023\/12\/bar.svg\" data-crop=\"\" src=\"data:image\/gif;base64,R0lGODlhBAADAIAAAAAAAAAAACH5BAEAAAAALAAAAAAEAAMAAAIDhI9WADs=\" class=\"imgix-fluid \/ c-image\" alt=\"\"  \/><noscript><img decoding=\"async\" src=\"https:\/\/hotelcms-production.imgix.net\/oceanscreekmauritius.com\/wp-content\/uploads\/2023\/12\/bar.svg\" class=\"c-image\" alt=\"\"  \/><\/noscript>            <\/div>\n            <p class=\"c-icon-list__item__text\">Mini bar et snacks<\/p>\n                    <\/li>\n            <li class=\"c-icon-list__item\">\n            <div class=\"c-icon-list__icon img-fit\">\n                <img decoding=\"async\" data-src=\"https:\/\/hotelcms-production.imgix.net\/oceanscreekmauritius.com\/wp-content\/uploads\/2023\/11\/Shanti-icons-16.svg\" data-crop=\"\" src=\"data:image\/gif;base64,R0lGODlhBAADAIAAAAAAAAAAACH5BAEAAAAALAAAAAAEAAMAAAIDhI9WADs=\" class=\"imgix-fluid \/ c-image\" alt=\"\"  \/><noscript><img decoding=\"async\" src=\"https:\/\/hotelcms-production.imgix.net\/oceanscreekmauritius.com\/wp-content\/uploads\/2023\/11\/Shanti-icons-16.svg\" class=\"c-image\" alt=\"\"  \/><\/noscript>            <\/div>\n            <p class=\"c-icon-list__item__text\">Caf\u00e9 et th\u00e9<\/p>\n                    <\/li>\n            <li class=\"c-icon-list__item\">\n            <div class=\"c-icon-list__icon img-fit\">\n                <img decoding=\"async\" data-src=\"https:\/\/hotelcms-production.imgix.net\/oceanscreekmauritius.com\/wp-content\/uploads\/2023\/12\/Safe.svg\" data-crop=\"\" src=\"data:image\/gif;base64,R0lGODlhBAADAIAAAAAAAAAAACH5BAEAAAAALAAAAAAEAAMAAAIDhI9WADs=\" class=\"imgix-fluid \/ c-image\" alt=\"\"  \/><noscript><img decoding=\"async\" src=\"https:\/\/hotelcms-production.imgix.net\/oceanscreekmauritius.com\/wp-content\/uploads\/2023\/12\/Safe.svg\" class=\"c-image\" alt=\"\"  \/><\/noscript>            <\/div>\n            <p class=\"c-icon-list__item__text\">Coffre-fort dans la chambre<\/p>\n                    <\/li>\n            <li class=\"c-icon-list__item\">\n            <div class=\"c-icon-list__icon img-fit\">\n                <img decoding=\"async\" data-src=\"https:\/\/hotelcms-production.imgix.net\/oceanscreekmauritius.com\/wp-content\/uploads\/2023\/11\/Shanti-icons-05.svg\" data-crop=\"\" src=\"data:image\/gif;base64,R0lGODlhBAADAIAAAAAAAAAAACH5BAEAAAAALAAAAAAEAAMAAAIDhI9WADs=\" class=\"imgix-fluid \/ c-image\" alt=\"\"  \/><noscript><img decoding=\"async\" src=\"https:\/\/hotelcms-production.imgix.net\/oceanscreekmauritius.com\/wp-content\/uploads\/2023\/11\/Shanti-icons-05.svg\" class=\"c-image\" alt=\"\"  \/><\/noscript>            <\/div>\n            <p class=\"c-icon-list__item__text\">Chambres Confort - Literie King Size | Lit b\u00e9b\u00e9 (sur demande)<\/p>\n                    <\/li>\n            <li class=\"c-icon-list__item\">\n            <div class=\"c-icon-list__icon img-fit\">\n                <img decoding=\"async\" data-src=\"https:\/\/hotelcms-production.imgix.net\/oceanscreekmauritius.com\/wp-content\/uploads\/2023\/11\/Shanti-icons-24.svg\" data-crop=\"\" src=\"data:image\/gif;base64,R0lGODlhBAADAIAAAAAAAAAAACH5BAEAAAAALAAAAAAEAAMAAAIDhI9WADs=\" class=\"imgix-fluid \/ c-image\" alt=\"\"  \/><noscript><img decoding=\"async\" src=\"https:\/\/hotelcms-production.imgix.net\/oceanscreekmauritius.com\/wp-content\/uploads\/2023\/11\/Shanti-icons-24.svg\" class=\"c-image\" alt=\"\"  \/><\/noscript>            <\/div>\n            <p class=\"c-icon-list__item__text\">Occupation jusqu'\u00e0 2 adultes + 1 enfant en bas \u00e2ge<\/p>\n                    <\/li>\n        <\/ul>\n\n<\/div><\/div><\/div><\/div><div id=\"pgc-2169-1-1\"  class=\"panel-grid-cell\" ><div id=\"panel-2169-1-1-0\" class=\"so-panel widget widget_cn-core-cta-widget panel-first-child panel-last-child\" data-index=\"2\" ><div\n\t\t\t\n\t\t\tclass=\"so-widget-cn-core-cta-widget so-widget-cn-core-cta-widget-base\"\n\t\t\t\n\t\t><div class=\"c-cta no-layout c-cta--extra\">\n\n    <div class=\"c-cta__content\">\n\n        <div class=\"c-cta__inner\">\n\n            \n            \n                          <div class=\"img-fit\">\n                <img decoding=\"async\" data-src=\"https:\/\/hotelcms-production.imgix.net\/oceanscreekmauritius.com\/wp-content\/uploads\/2023\/11\/COMFORT-ROOM.jpg\" data-crop=\"\" src=\"data:image\/gif;base64,R0lGODlhBAADAIAAAAAAAAAAACH5BAEAAAAALAAAAAAEAAMAAAIDhI9WADs=\" class=\"imgix-fluid \/ c-cta__image\" alt=\"\"  \/><noscript><img decoding=\"async\" src=\"https:\/\/hotelcms-production.imgix.net\/oceanscreekmauritius.com\/wp-content\/uploads\/2023\/11\/COMFORT-ROOM.jpg\" class=\"c-cta__image\" alt=\"\"  \/><\/noscript>              <\/div>\n            \n            \n                <div class=\"c-cta__headings\">\n\n                \n                                    <h2 class=\"c-cta__heading\">\n                        Notre premi\u00e8re cat\u00e9gorie de chambre                    <\/h2>\n                \n                \n                <\/div>\n\n            \n            \n            \n                            <div class=\"c-cta__text \/ s-entry\">\n                    <p>Notre premi\u00e8re cat\u00e9gorie de chambre - Comfort offre un espace spacieux de 34 m\u00b2, permettant des occupations simples \u00e0 doubles pour une visite \u00e9poustouflante de la nature et des propri\u00e9t\u00e9s de l'h\u00f4tel. C'est un concept id\u00e9al pour les jeunes mari\u00e9s et \u00e9v\u00e9nements d'entreprise.<\/p>\n                <\/div>\n            \n            \n                            <div class=\"c-cta__buttons\">\n                    \n<a role=\"button\" class=\"c-button button \/ c-cta__button  namastay-widget-button no-variation\"\n    >\n    Book now<\/a>                <\/div>\n            \n                    <\/div>\n\n    <\/div>\n\n    \n    \n    \n<\/div>\n\n<\/div><\/div><\/div><\/div><\/div><div id=\"pg-2169-2\"  class=\"panel-grid panel-has-style\" ><div class=\"c-row--valign-default c-row--widget-spacing c-row--margin-default c-row--column-none siteorigin-panels-stretch panel-row-style panel-row-style-for-2169-2\" data-stretch-type=\"full-stretched\" ><div id=\"pgc-2169-2-0\"  class=\"panel-grid-cell\" ><div id=\"panel-2169-2-0-0\" class=\"so-panel widget widget_cn-core-image-slider-widget panel-first-child panel-last-child\" data-index=\"3\" ><div\n\t\t\t\n\t\t\tclass=\"so-widget-cn-core-image-slider-widget so-widget-cn-core-image-slider-widget-base\"\n\t\t\t\n\t\t><div class=\"c-slider-wrapper no-variation no-variation\">\n\n    \n    \n    <div\n        id=\"slider-69d6de8ce601d\"\n        class=\"c-slider c-slider--image c-slider--set-height js-flickity\"\n                    data-flickity-options='{\"pageDots\":true,\"prevNextButtons\":true,\"cellAlign\":\"center\",\"contain\":false,\"wrapAround\":true,\"imagesLoaded\":true,\"setGallerySize\":false,\"adaptiveHeight\":false,\"autoPlay\":3500,\"friction\":0.28,\"pauseAutoPlayOnHover\":false,\"rightToLeft\":false,\"groupCells\":false}'\n            >\n                    <div\n                class=\"c-slider__cell  js-flickity-cell\"\n                id=\"image-cell-0\"\n            >\n                \n<div class=\"c-image-container  no-variation\">\n    \n    <figure class=\"crop\">\n                    <div data-src=\"https:\/\/hotelcms-production.imgix.net\/oceanscreekmauritius.com\/wp-content\/uploads\/2023\/12\/53-OC5-scaled.jpg\" data-crop=\"centre\" class=\"imgix-fluid  c-image\"><\/div><noscript><div style=\"background-image: url(https:\/\/hotelcms-production.imgix.net\/oceanscreekmauritius.com\/wp-content\/uploads\/2023\/12\/53-OC5-scaled.jpg);\" class=\"c-image\" ><\/div><\/noscript>            <\/figure>\n\n    <\/div>\n            <\/div>\n                    <div\n                class=\"c-slider__cell  js-flickity-cell\"\n                id=\"image-cell-1\"\n            >\n                \n<div class=\"c-image-container  no-variation\">\n    \n    <figure class=\"crop\">\n                    <div data-src=\"https:\/\/hotelcms-production.imgix.net\/oceanscreekmauritius.com\/wp-content\/uploads\/2024\/02\/62-DSC05050-scaled.jpg\" data-crop=\"centre\" class=\"imgix-fluid  c-image\"><\/div><noscript><div style=\"background-image: url(https:\/\/hotelcms-production.imgix.net\/oceanscreekmauritius.com\/wp-content\/uploads\/2024\/02\/62-DSC05050-scaled.jpg);\" class=\"c-image\" ><\/div><\/noscript>            <\/figure>\n\n    <\/div>\n            <\/div>\n            <\/div>\n\n    <\/div><\/div><\/div><\/div><\/div><\/div><div id=\"pg-2169-3\"  class=\"panel-grid panel-has-style\" ><div class=\"c-row--valign-default c-row--widget-none c-row--margin-default c-row--column-large siteorigin-panels-stretch panel-row-style panel-row-style-for-2169-3\" data-stretch-type=\"full-stretched\" ><div id=\"pgc-2169-3-0\"  class=\"panel-grid-cell\" ><div id=\"panel-2169-3-0-0\" class=\"so-panel widget widget_cn-core-adjacent-pages-widget panel-first-child panel-last-child\" data-index=\"4\" ><div\n\t\t\t\n\t\t\tclass=\"so-widget-cn-core-adjacent-pages-widget so-widget-cn-core-adjacent-pages-widget-base\"\n\t\t\t\n\t\t><nav class=\"c-siblings  \">\n\n    <ul class=\"menu\">\n        <li class=\"c-siblings__page \/ menu__previous\">\n                            <a href=\"https:\/\/oceanscreekmauritius.com\/accommodation\/rooms\/\">Back to all rooms<\/a>\n                    <\/li>\n\n        \n        <li class=\"c-siblings__page \/ menu__next\">\n                        <a href=\"https:\/\/oceanscreekmauritius.com\/fr\/accommodation\/rooms\/superior-room\/\" class=\"\">Next page &rarr;<\/a>                    <\/li>\n    <\/ul>\n\n<\/nav><\/div><\/div><\/div><\/div><\/div><div id=\"pg-2169-4\"  class=\"panel-grid panel-has-style\" ><div class=\"c-row--valign-default c-row--widget-none c-row--margin-none c-row--column-none siteorigin-panels-stretch has-background c-row--background-cover imgix-fluid crop panel-row-style panel-row-style-for-2169-4\" data-stretch-type=\"full-stretched\" data-src=\"https:\/\/hotelcms-production.imgix.net\/oceanscreekmauritius.com\/wp-content\/uploads\/2020\/02\/Image-scaled.jpg\" data-crop=\"\" ><div id=\"pgc-2169-4-0\"  class=\"panel-grid-cell\" ><div id=\"panel-2169-4-0-0\" class=\"so-panel widget widget_cn-core-cta-widget panel-first-child panel-last-child\" data-index=\"5\" ><div\n\t\t\t\n\t\t\tclass=\"so-widget-cn-core-cta-widget so-widget-cn-core-cta-widget-base\"\n\t\t\t\n\t\t><div class=\"c-cta c-cta--layout-breaker no-variation has-background\">\n\n    <div class=\"c-cta__content\">\n\n        <div class=\"c-cta__inner\">\n\n            \n            \n            \n            \n                <div class=\"c-cta__headings\">\n\n                                    <p class=\"c-cta__preheading\">\n                        Stay with us                    <\/p>\n                \n                                    <h2 class=\"c-cta__heading\">\n                        The Adventure starts here                    <\/h2>\n                \n                \n                <\/div>\n\n            \n            \n            \n                            <div class=\"c-cta__text \/ s-entry\">\n                    <p>Exceptional accommodation, delightful culinary souvenirs, bountiful activities, and bespoke entertainment: be prepared to be amazed! With 365 days of versatile sun, it is always a good time to visit Ocean's Creek. So, start planning your next Adventure now...<\/p>\n                <\/div>\n            \n            \n                            <div class=\"c-cta__buttons\">\n                    \n<a role=\"button\" class=\"c-button button \/ c-cta__button  namastay-widget-button c-button--conversion\"\n    >\n    Book Now<\/a>                <\/div>\n            \n                    <\/div>\n\n    <\/div>\n\n    \n            <div data-src=\"https:\/\/hotelcms-production.imgix.net\/oceanscreekmauritius.com\/wp-content\/uploads\/2023\/12\/5-OC7-scaled.jpg\" data-crop=\"\" class=\"imgix-fluid  crop \/ c-background c-cta__background\"><\/div><noscript><div style=\"background-image: url(https:\/\/hotelcms-production.imgix.net\/oceanscreekmauritius.com\/wp-content\/uploads\/2023\/12\/5-OC7-scaled.jpg);\" class=\"crop \/ c-background c-cta__background\" ><\/div><\/noscript>    \n    \n<\/div>\n\n<\/div><\/div><\/div><\/div><\/div><\/div>","protected":false},"excerpt":{"rendered":"<p>D\u00e9couvrez notre chambre confort dans notre h\u00f4tel de plage \u00e0 l&rsquo;\u00eele Maurice Douillet et confortable Room overview Wi-fi gratuit et illimit\u00e9 Balcon meubl\u00e9 avec chaises et table pour une pause en toute intimit\u00e9 Syst\u00e8me de carte \u00e0 puce \u00e9lectronique TV (\u00e9cran plat LCD) avec miroir et streaming Salle de bain attenante avec douche \u00e0 l&rsquo;italienne &hellip;<\/p>\n","protected":false},"author":1,"featured_media":0,"parent":2220,"menu_order":0,"comment_status":"closed","ping_status":"closed","template":"","meta":{"_acf_changed":false,"footnotes":""},"class_list":["post--2169","post--page","post--type-page","post--status-publish","post--hentry"],"acf":[],"_links":{"self":[{"href":"https:\/\/oceanscreekmauritius.com\/fr\/wp-json\/wp\/v2\/pages\/2169","targetHints":{"allow":["GET"]}}],"collection":[{"href":"https:\/\/oceanscreekmauritius.com\/fr\/wp-json\/wp\/v2\/pages"}],"about":[{"href":"https:\/\/oceanscreekmauritius.com\/fr\/wp-json\/wp\/v2\/types\/page"}],"author":[{"embeddable":true,"href":"https:\/\/oceanscreekmauritius.com\/fr\/wp-json\/wp\/v2\/users\/1"}],"replies":[{"embeddable":true,"href":"https:\/\/oceanscreekmauritius.com\/fr\/wp-json\/wp\/v2\/comments?post=2169"}],"version-history":[{"count":5,"href":"https:\/\/oceanscreekmauritius.com\/fr\/wp-json\/wp\/v2\/pages\/2169\/revisions"}],"predecessor-version":[{"id":2212,"href":"https:\/\/oceanscreekmauritius.com\/fr\/wp-json\/wp\/v2\/pages\/2169\/revisions\/2212"}],"up":[{"embeddable":true,"href":"https:\/\/oceanscreekmauritius.com\/fr\/wp-json\/wp\/v2\/pages\/2220"}],"wp:attachment":[{"href":"https:\/\/oceanscreekmauritius.com\/fr\/wp-json\/wp\/v2\/media?parent=2169"}],"curies":[{"name":"wp","href":"https:\/\/api.w.org\/{rel}","templated":true}]}}