{"id":2183,"date":"2023-06-06T09:58:00","date_gmt":"2023-06-06T08:58:00","guid":{"rendered":"https:\/\/oceanscreekmauritius.com\/wellness-spa\/"},"modified":"2025-03-27T14:41:18","modified_gmt":"2025-03-27T14:41:18","slug":"wellness-spa","status":"publish","type":"page","link":"https:\/\/oceanscreekmauritius.com\/fr\/wellness-spa\/","title":{"rendered":"Wellness &#038; Spa"},"content":{"rendered":"<div id=\"pl-2183\"  class=\"panel-layout\" ><div id=\"pg-2183-0\"  class=\"panel-grid panel-has-style\" ><div class=\"c-row--valign-default c-row--widget-default c-row--margin-none c-row--column-none siteorigin-panels-stretch panel-row-style panel-row-style-for-2183-0\" data-stretch-type=\"full-width-stretch\" ><div id=\"pgc-2183-0-0\"  class=\"panel-grid-cell\" ><div id=\"panel-2183-0-0-0\" class=\"so-panel widget widget_cn-core-hero-widget panel-first-child panel-last-child\" data-index=\"0\" ><div\n\t\t\t\n\t\t\tclass=\"so-widget-cn-core-hero-widget so-widget-cn-core-hero-widget-base\"\n\t\t\t\n\t\t><section class=\"c-hero c-hero--short\">\n    <div class=\"c-hero__inner\">\n        \n        <div class=\"c-hero__content\">\n\n                            <h1 class=\"c-hero__heading\">\n                    Installations de spa et de bien-\u00eatre dans notre h\u00f4tel de l'\u00eele Maurice                <\/h1>\n            \n                            <p class=\"c-hero__subheading\">\n                    Recharger, Ressourcez et revitaliser                <\/p>\n                            <div class=\"s-entry \/ c-hero__text\">\n                    <p>\n                        Plongez au c\u0153ur du mode de vie Shanti Wellness                    <\/p>\n                <\/div>\n                    <\/div>\n\n        \n    <\/div>\n\n\n\n    \n    \n    <div data-src=\"https:\/\/hotelcms-production.imgix.net\/oceanscreekmauritius.com\/wp-content\/uploads\/2023\/06\/OC_Sauna-scaled.jpg\" data-crop=\"\" class=\"imgix-fluid  crop \/ c-hero__background\"><\/div><noscript><div style=\"background-image: url(https:\/\/hotelcms-production.imgix.net\/oceanscreekmauritius.com\/wp-content\/uploads\/2023\/06\/OC_Sauna-scaled.jpg);\" class=\"crop \/ c-hero__background\" ><\/div><\/noscript>\n    \n            <a href=\"#main-content\" class=\"c-hero__scroller\" data-module=\"scroll-to\">\n            <span class=\"c-hero__scroller__text\">Scroll to explore<\/span>\n            <span class=\"c-hero__scroller__arrow\"><\/span>\n        <\/a>\n    <\/section>\n<\/div><\/div><\/div><\/div><\/div><div id=\"pg-2183-1\"  class=\"panel-grid panel-has-style\" ><div class=\"c-row--valign-default c-row--widget-default c-row--margin-none c-row--column-default panel-row-style panel-row-style-for-2183-1\" ><div id=\"pgc-2183-1-0\"  class=\"panel-grid-cell\" ><div id=\"panel-2183-1-0-0\" class=\"so-panel widget widget_cn-core-cta-widget panel-first-child panel-last-child\" data-index=\"1\" ><div\n\t\t\t\n\t\t\tclass=\"so-widget-cn-core-cta-widget so-widget-cn-core-cta-widget-base\"\n\t\t\t\n\t\t><div class=\"c-cta no-layout c-cta--lead\">\n\n    <div class=\"c-cta__content\">\n\n        <div class=\"c-cta__inner\">\n\n            \n            \n            \n            \n            \n            \n                            <div class=\"c-cta__text \/ s-entry\">\n                    <p>Faites une pause et \u00e9coutez votre corps !! Incarn\u00e9 dans la soci\u00e9t\u00e9 du groupe Shanti, chez Ocean's Creek, nous croyons qu'il faut donner la priorit\u00e9 \u00e0 votre bien-\u00eatre. Nos sp\u00e9cialistes vous conseilleront et vous aideront \u00e0 mieux comprendre les besoins de votre corps et de votre esprit.<\/p>\n                <\/div>\n            \n            \n            \n                    <\/div>\n\n    <\/div>\n\n    \n    \n    \n<\/div>\n\n<\/div><\/div><\/div><\/div><\/div><div id=\"pg-2183-2\"  class=\"panel-grid panel-has-style\" ><div class=\"c-row--valign-middle c-row--widget-default c-row--margin-small c-row--column-large siteorigin-panels-stretch panel-row-style panel-row-style-for-2183-2\" data-stretch-type=\"full-width-stretch\" data-row-label=\"facilities\" id=\"facilities\" ><div id=\"pgc-2183-2-0\"  class=\"panel-grid-cell\" ><div id=\"panel-2183-2-0-0\" class=\"so-panel widget widget_cn-core-image-slider-widget panel-first-child panel-last-child\" data-index=\"2\" ><div\n\t\t\t\n\t\t\tclass=\"so-widget-cn-core-image-slider-widget so-widget-cn-core-image-slider-widget-base\"\n\t\t\t\n\t\t><div class=\"c-slider-wrapper no-variation no-variation\">\n\n    \n    \n    <div\n        id=\"slider-69e44fa99f7cb\"\n        class=\"c-slider c-slider--image c-slider--set-height js-flickity\"\n                    data-flickity-options='{\"pageDots\":false,\"prevNextButtons\":false,\"cellAlign\":\"center\",\"contain\":false,\"wrapAround\":true,\"imagesLoaded\":true,\"setGallerySize\":false,\"adaptiveHeight\":false,\"autoPlay\":3500,\"friction\":0.28,\"pauseAutoPlayOnHover\":false,\"rightToLeft\":false,\"groupCells\":false}'\n            >\n                    <div\n                class=\"c-slider__cell  js-flickity-cell\"\n                id=\"image-cell-0\"\n            >\n                \n<div class=\"c-image-container  no-variation\">\n    \n    <figure class=\"crop\">\n                    <div data-src=\"https:\/\/hotelcms-production.imgix.net\/oceanscreekmauritius.com\/wp-content\/uploads\/2023\/06\/OC_Double-Spa-treatment-room-scaled.jpg\" data-crop=\"\" class=\"imgix-fluid  c-image\"><\/div><noscript><div style=\"background-image: url(https:\/\/hotelcms-production.imgix.net\/oceanscreekmauritius.com\/wp-content\/uploads\/2023\/06\/OC_Double-Spa-treatment-room-scaled.jpg);\" class=\"c-image\" ><\/div><\/noscript>            <\/figure>\n\n    <\/div>\n            <\/div>\n            <\/div>\n\n    <\/div><\/div><\/div><\/div><div id=\"pgc-2183-2-1\"  class=\"panel-grid-cell\" ><div id=\"panel-2183-2-1-0\" class=\"so-panel widget widget_cn-core-cta-widget panel-first-child panel-last-child\" data-index=\"3\" ><div\n\t\t\t\n\t\t\tclass=\"so-widget-cn-core-cta-widget so-widget-cn-core-cta-widget-base\"\n\t\t\t\n\t\t><div class=\"c-cta no-layout c-cta--extra\">\n\n    <div class=\"c-cta__content\">\n\n        <div class=\"c-cta__inner\">\n\n                            <a href=\"https:\/\/oceanscreekmauritius.com\/wellness-spa\/spa-enquiry\/\" class=\"c-cta__anchor\">\n            \n            \n            \n            \n                <div class=\"c-cta__headings\">\n\n                \n                                    <h2 class=\"c-cta__heading\">\n                        Installations de Shanti Wellness &amp; Spa                    <\/h2>\n                \n                \n                <\/div>\n\n            \n            \n                            <\/a>\n            \n                            <div class=\"c-cta__text \/ s-entry\">\n                    <p>L'h\u00f4tel dispose d'une salle de sport moderne et enti\u00e8rement \u00e9quip\u00e9e, avec des installations de pointe enti\u00e8rement climatis\u00e9es. La salle de sport comprend des elliptiques, des tapis roulants, des appareils de musculation et m\u00eame un coin d\u00e9di\u00e9 au pilates et \u00e0 l'a\u00e9robic. Des cours priv\u00e9s ou collectifs sont disponibles sur demande, dirig\u00e9s par des entra\u00eeneurs qualifi\u00e9s et adapt\u00e9s \u00e0 vos besoins. De plus, il y a beaucoup d'espace pour prendre soin de soi et s'am\u00e9liorer. L'espace bien-\u00eatre Shanti comprend des hammams et des saunas au sel rose de l'Himalaya. Il y a \u00e9galement trois salles de soins \u00e0 service complet, climatis\u00e9es, pour la relaxation et les soins de beaut\u00e9. La piscine \u00e0 temp\u00e9rature contr\u00f4l\u00e9e permet de faire des longueurs et de l'aquagym.<\/p>\n                <\/div>\n            \n            \n                            <div class=\"c-cta__buttons\">\n                    <a  class=\"c-button button \/ c-cta__button  c-button--arrow\" href=\"https:\/\/oceanscreekmauritius.com\/wellness-spa\/spa-enquiry\/\">\n    Spa Enquiry<\/a>\n\n\n                <\/div>\n            \n                    <\/div>\n\n    <\/div>\n\n    \n    \n            <a href=\"https:\/\/oceanscreekmauritius.com\/wellness-spa\/spa-enquiry\/\" class=\"c-cta__detached-anchor\" href=\"https:\/\/oceanscreekmauritius.com\/wellness-spa\/spa-enquiry\/\"><\/a>\n    \n<\/div>\n\n<\/div><\/div><\/div><\/div><\/div><div id=\"pg-2183-3\"  class=\"panel-grid panel-has-style\" ><div class=\"c-row--valign-middle c-row--widget-default c-row--margin-small c-row--column-large siteorigin-panels-stretch panel-row-style panel-row-style-for-2183-3\" data-stretch-type=\"full-width-stretch\" ><div id=\"pgc-2183-3-0\"  class=\"panel-grid-cell\" ><div id=\"panel-2183-3-0-0\" class=\"so-panel widget widget_cn-core-cta-widget panel-first-child panel-last-child\" data-index=\"4\" ><div\n\t\t\t\n\t\t\tclass=\"so-widget-cn-core-cta-widget so-widget-cn-core-cta-widget-base\"\n\t\t\t\n\t\t><div class=\"c-cta no-layout c-cta--extra\">\n\n    <div class=\"c-cta__content\">\n\n        <div class=\"c-cta__inner\">\n\n            \n            \n            \n            \n                <div class=\"c-cta__headings\">\n\n                \n                                    <h2 class=\"c-cta__heading\">\n                        Operating Hours                    <\/h2>\n                \n                \n                <\/div>\n\n            \n            \n            \n                            <div class=\"c-cta__text \/ s-entry\">\n                    <p>Shanti Wellness est ouvert tous les jours de 9h00 \u00e0 20h00. Le dernier rendez-vous pour un traitement spa est fix\u00e9 \u00e0 18 heures. Si vous demandez un rendez-vous en dehors de ces heures, il peut \u00eatre soumis \u00e0 disponibilit\u00e9. Pour garantir une exp\u00e9rience optimale, nous vous recommandons de r\u00e9server votre traitement \u00e0 l'avance \u00e0 l'heure de votre choix. <\/p>\n<p>Le hammam et le sauna sont ouverts tous les jours et sont gratuits pour les clients de l'h\u00f4tel \u00e2g\u00e9s de 16 ans ou plus. <\/p>\n<p>Le centre de remise en forme est ouvert de 6h00 \u00e0 22h00, mais nous pouvons l'ouvrir 24 heures sur 24 sur demande.<\/p>\n                <\/div>\n            \n            \n            \n                    <\/div>\n\n    <\/div>\n\n    \n    \n    \n<\/div>\n\n<\/div><\/div><\/div><div id=\"pgc-2183-3-1\"  class=\"panel-grid-cell\" ><div id=\"panel-2183-3-1-0\" class=\"so-panel widget widget_cn-core-image-slider-widget panel-first-child panel-last-child\" data-index=\"5\" ><div\n\t\t\t\n\t\t\tclass=\"so-widget-cn-core-image-slider-widget so-widget-cn-core-image-slider-widget-base\"\n\t\t\t\n\t\t><div class=\"c-slider-wrapper no-variation no-variation\">\n\n    \n    \n    <div\n        id=\"slider-69e44fa9a2b61\"\n        class=\"c-slider c-slider--image c-slider--set-height js-flickity\"\n                    data-flickity-options='{\"pageDots\":false,\"prevNextButtons\":false,\"cellAlign\":\"center\",\"contain\":false,\"wrapAround\":true,\"imagesLoaded\":true,\"setGallerySize\":false,\"adaptiveHeight\":false,\"autoPlay\":3500,\"friction\":0.28,\"pauseAutoPlayOnHover\":false,\"rightToLeft\":false,\"groupCells\":false}'\n            >\n                    <div\n                class=\"c-slider__cell  js-flickity-cell\"\n                id=\"image-cell-0\"\n            >\n                \n<div class=\"c-image-container  no-variation\">\n    \n    <figure class=\"crop\">\n                    <div data-src=\"https:\/\/hotelcms-production.imgix.net\/oceanscreekmauritius.com\/wp-content\/uploads\/2023\/07\/28-OC40-scaled.jpg\" data-crop=\"\" class=\"imgix-fluid  c-image\"><\/div><noscript><div style=\"background-image: url(https:\/\/hotelcms-production.imgix.net\/oceanscreekmauritius.com\/wp-content\/uploads\/2023\/07\/28-OC40-scaled.jpg);\" class=\"c-image\" ><\/div><\/noscript>            <\/figure>\n\n    <\/div>\n            <\/div>\n            <\/div>\n\n    <\/div><\/div><\/div><\/div><\/div><\/div><div id=\"pg-2183-4\"  class=\"panel-grid panel-has-style\" ><div class=\"c-row--valign-middle c-row--widget-default c-row--margin-small c-row--column-large siteorigin-panels-stretch panel-row-style panel-row-style-for-2183-4\" data-stretch-type=\"full-width-stretch\" data-row-label=\"packages\" id=\"packages\" ><div id=\"pgc-2183-4-0\"  class=\"panel-grid-cell\" ><div id=\"panel-2183-4-0-0\" class=\"so-panel widget widget_cn-core-image-slider-widget panel-first-child panel-last-child\" data-index=\"6\" ><div\n\t\t\t\n\t\t\tclass=\"so-widget-cn-core-image-slider-widget so-widget-cn-core-image-slider-widget-base\"\n\t\t\t\n\t\t><div class=\"c-slider-wrapper no-variation no-variation\">\n\n    \n    \n    <div\n        id=\"slider-69e44fa9a4db5\"\n        class=\"c-slider c-slider--image c-slider--set-height js-flickity\"\n                    data-flickity-options='{\"pageDots\":false,\"prevNextButtons\":false,\"cellAlign\":\"center\",\"contain\":false,\"wrapAround\":true,\"imagesLoaded\":true,\"setGallerySize\":false,\"adaptiveHeight\":false,\"autoPlay\":3500,\"friction\":0.28,\"pauseAutoPlayOnHover\":false,\"rightToLeft\":false,\"groupCells\":false}'\n            >\n                    <div\n                class=\"c-slider__cell  js-flickity-cell\"\n                id=\"image-cell-0\"\n            >\n                \n<div class=\"c-image-container  no-variation\">\n    \n    <figure class=\"crop\">\n                    <div data-src=\"https:\/\/hotelcms-production.imgix.net\/oceanscreekmauritius.com\/wp-content\/uploads\/2023\/06\/OC_Single-Spa-Treatment-Room-scaled.jpg\" data-crop=\"\" class=\"imgix-fluid  c-image\"><\/div><noscript><div style=\"background-image: url(https:\/\/hotelcms-production.imgix.net\/oceanscreekmauritius.com\/wp-content\/uploads\/2023\/06\/OC_Single-Spa-Treatment-Room-scaled.jpg);\" class=\"c-image\" ><\/div><\/noscript>            <\/figure>\n\n    <\/div>\n            <\/div>\n            <\/div>\n\n    <\/div><\/div><\/div><\/div><div id=\"pgc-2183-4-1\"  class=\"panel-grid-cell\" ><div id=\"panel-2183-4-1-0\" class=\"so-panel widget widget_cn-core-cta-widget panel-first-child panel-last-child\" data-index=\"7\" ><div\n\t\t\t\n\t\t\tclass=\"so-widget-cn-core-cta-widget so-widget-cn-core-cta-widget-base\"\n\t\t\t\n\t\t><div class=\"c-cta no-layout c-cta--extra\">\n\n    <div class=\"c-cta__content\">\n\n        <div class=\"c-cta__inner\">\n\n                            <a href=\"https:\/\/hotelcms-production.imgix.net\/oceanscreekmauritius.com\/wp-content\/uploads\/2025\/03\/Spa-Menu-2025.pdf?fm=pdf\" class=\"c-cta__anchor\" target=\"_blank\" data-module=\"ajax-modal\">\n            \n            \n            \n            \n                <div class=\"c-cta__headings\">\n\n                \n                                    <h2 class=\"c-cta__heading\">\n                        Traitements et forfaits de spa                    <\/h2>\n                \n                \n                <\/div>\n\n            \n            \n                            <\/a>\n            \n                            <div class=\"c-cta__text \/ s-entry\">\n                    <p>Le menu de notre spa a \u00e9t\u00e9 con\u00e7u de mani\u00e8re experte pour r\u00e9pondre \u00e0 une vari\u00e9t\u00e9 de besoins et de groupes d'\u00e2ge, y compris la gestion du stress, la d\u00e9sintoxication, la relaxation profonde et les traitements anti-\u00e2ge. Nous proposons une large s\u00e9lection de massages, de soins de la peau et de soins du visage, ainsi qu'un menu de spa en piscine pour ceux qui recherchent un massage rapide et relaxant.<\/p>\n                <\/div>\n            \n            \n                            <div class=\"c-cta__buttons\">\n                    <a  class=\"c-button button \/ c-cta__button  c-button--arrow\" target=\"_blank\" data-module=\"ajax-modal\" href=\"https:\/\/hotelcms-production.imgix.net\/oceanscreekmauritius.com\/wp-content\/uploads\/2025\/03\/Spa-Menu-2025.pdf?fm=pdf\">\n    Spa Menu<\/a>\n\n\n                <\/div>\n            \n                    <\/div>\n\n    <\/div>\n\n    \n    \n            <a href=\"https:\/\/hotelcms-production.imgix.net\/oceanscreekmauritius.com\/wp-content\/uploads\/2025\/03\/Spa-Menu-2025.pdf?fm=pdf\" class=\"c-cta__detached-anchor\" target=\"_blank\" data-module=\"ajax-modal\" target=\"_blank\" data-module=\"ajax-modal\" href=\"https:\/\/hotelcms-production.imgix.net\/oceanscreekmauritius.com\/wp-content\/uploads\/2025\/03\/Spa-Menu-2025.pdf?fm=pdf\"><\/a>\n    \n<\/div>\n\n<\/div><\/div><\/div><\/div><\/div><div id=\"pg-2183-5\"  class=\"panel-grid panel-has-style\" ><div class=\"c-row--valign-middle c-row--widget-default c-row--margin-default c-row--column-large siteorigin-panels-stretch panel-row-style panel-row-style-for-2183-5\" data-stretch-type=\"full-width-stretch\" data-row-label=\"fitness\" id=\"fitness\" ><div id=\"pgc-2183-5-0\"  class=\"panel-grid-cell\" ><div id=\"panel-2183-5-0-0\" class=\"so-panel widget widget_cn-core-cta-widget panel-first-child panel-last-child\" data-index=\"8\" ><div\n\t\t\t\n\t\t\tclass=\"so-widget-cn-core-cta-widget so-widget-cn-core-cta-widget-base\"\n\t\t\t\n\t\t><div class=\"c-cta no-layout c-cta--extra\">\n\n    <div class=\"c-cta__content\">\n\n        <div class=\"c-cta__inner\">\n\n            \n            \n            \n            \n                <div class=\"c-cta__headings\">\n\n                \n                                    <h2 class=\"c-cta__heading\">\n                        Centre de remise en forme                    <\/h2>\n                \n                \n                <\/div>\n\n            \n            \n            \n                            <div class=\"c-cta__text \/ s-entry\">\n                    <p>Profitez d'une s\u00e9ance d'entra\u00eenement avec vue sur la piscine dans notre salle de sport moderne et enti\u00e8rement \u00e9quip\u00e9e. L'h\u00f4tel propose des \u00e9quipements de pointe, notamment des elliptiques, des tapis de course, des machines de musculation et un espace d\u00e9di\u00e9 au pilates et \u00e0 l'a\u00e9robic. Que vous pr\u00e9f\u00e9riez des cours priv\u00e9s ou collectifs, nos entra\u00eeneurs qualifi\u00e9s et nos experts peuvent adapter les cours \u00e0 vos besoins. Vous pouvez \u00e9galement profiter de notre espace pour vous am\u00e9liorer et prendre soin de vous.<br \/>\nNous sommes heureux d'offrir \u00e0 nos clients l'acc\u00e8s \u00e0 notre centre de remise en forme en dehors des heures d'ouverture habituelles (de t\u00f4t le matin \u00e0 6h00 \u00e0 22h00) sur demande.<br \/>\nNous sommes un h\u00f4tel quatre \u00e9toiles sup\u00e9rieur qui s'engage \u00e0 fournir des services exclusifs \u00e0 ses clients.<\/p>\n                <\/div>\n            \n            \n            \n                    <\/div>\n\n    <\/div>\n\n    \n    \n    \n<\/div>\n\n<\/div><\/div><\/div><div id=\"pgc-2183-5-1\"  class=\"panel-grid-cell\" ><div id=\"panel-2183-5-1-0\" class=\"so-panel widget widget_cn-core-image-slider-widget panel-first-child panel-last-child\" data-index=\"9\" ><div\n\t\t\t\n\t\t\tclass=\"so-widget-cn-core-image-slider-widget so-widget-cn-core-image-slider-widget-base\"\n\t\t\t\n\t\t><div class=\"c-slider-wrapper no-variation no-variation\">\n\n    \n    \n    <div\n        id=\"slider-69e44fa9a8101\"\n        class=\"c-slider c-slider--image c-slider--set-height js-flickity\"\n                    data-flickity-options='{\"pageDots\":false,\"prevNextButtons\":false,\"cellAlign\":\"center\",\"contain\":false,\"wrapAround\":true,\"imagesLoaded\":true,\"setGallerySize\":false,\"adaptiveHeight\":false,\"autoPlay\":3500,\"friction\":0.28,\"pauseAutoPlayOnHover\":false,\"rightToLeft\":false,\"groupCells\":false}'\n            >\n                    <div\n                class=\"c-slider__cell  js-flickity-cell\"\n                id=\"image-cell-0\"\n            >\n                \n<div class=\"c-image-container  no-variation\">\n    \n    <figure class=\"crop\">\n                    <div data-src=\"https:\/\/hotelcms-production.imgix.net\/oceanscreekmauritius.com\/wp-content\/uploads\/2023\/06\/OC_Gym-scaled.jpg\" data-crop=\"centre\" class=\"imgix-fluid  c-image\"><\/div><noscript><div style=\"background-image: url(https:\/\/hotelcms-production.imgix.net\/oceanscreekmauritius.com\/wp-content\/uploads\/2023\/06\/OC_Gym-scaled.jpg);\" class=\"c-image\" ><\/div><\/noscript>            <\/figure>\n\n    <\/div>\n            <\/div>\n            <\/div>\n\n    <\/div><\/div><\/div><\/div><\/div><\/div><div id=\"pg-2183-6\"  class=\"panel-grid panel-has-style\" ><div class=\"c-row--valign-middle c-row--widget-default c-row--margin-large c-row--column-large siteorigin-panels-stretch panel-row-style panel-row-style-for-2183-6\" data-stretch-type=\"full-width-stretch\" data-row-label=\"packages\" id=\"packages\" ><div id=\"pgc-2183-6-0\"  class=\"panel-grid-cell\" ><div id=\"panel-2183-6-0-0\" class=\"so-panel widget widget_cn-core-image-slider-widget panel-first-child panel-last-child\" data-index=\"10\" ><div\n\t\t\t\n\t\t\tclass=\"so-widget-cn-core-image-slider-widget so-widget-cn-core-image-slider-widget-base\"\n\t\t\t\n\t\t><div class=\"c-slider-wrapper no-variation no-variation\">\n\n    \n    \n    <div\n        id=\"slider-69e44fa9aa687\"\n        class=\"c-slider c-slider--image c-slider--set-height js-flickity\"\n                    data-flickity-options='{\"pageDots\":true,\"prevNextButtons\":true,\"cellAlign\":\"center\",\"contain\":false,\"wrapAround\":true,\"imagesLoaded\":true,\"setGallerySize\":false,\"adaptiveHeight\":false,\"autoPlay\":3500,\"friction\":0.28,\"pauseAutoPlayOnHover\":false,\"rightToLeft\":false,\"groupCells\":false}'\n            >\n                    <div\n                class=\"c-slider__cell  js-flickity-cell\"\n                id=\"image-cell-0\"\n            >\n                \n<div class=\"c-image-container  c-image--4-3\">\n    \n    <figure class=\"crop\">\n                    <div data-src=\"https:\/\/hotelcms-production.imgix.net\/oceanscreekmauritius.com\/wp-content\/uploads\/2024\/01\/35-OC47-scaled.jpg\" data-crop=\"manual\" class=\"imgix-fluid  c-image\" data-focus-horizontal=\"50\" data-focus-vertical=\"80\"><\/div><noscript><div style=\"background-image: url(https:\/\/hotelcms-production.imgix.net\/oceanscreekmauritius.com\/wp-content\/uploads\/2024\/01\/35-OC47-scaled.jpg);\" class=\"c-image\" ><\/div><\/noscript>            <\/figure>\n\n    <\/div>\n            <\/div>\n                    <div\n                class=\"c-slider__cell  js-flickity-cell\"\n                id=\"image-cell-1\"\n            >\n                \n<div class=\"c-image-container  no-variation\">\n    \n    <figure class=\"crop\">\n                    <div data-src=\"https:\/\/hotelcms-production.imgix.net\/oceanscreekmauritius.com\/wp-content\/uploads\/2024\/02\/33-OC45-scaled.jpg\" data-crop=\"manual\" class=\"imgix-fluid  c-image\" data-focus-horizontal=\"40\" data-focus-vertical=\"90\"><\/div><noscript><div style=\"background-image: url(https:\/\/hotelcms-production.imgix.net\/oceanscreekmauritius.com\/wp-content\/uploads\/2024\/02\/33-OC45-scaled.jpg);\" class=\"c-image\" ><\/div><\/noscript>            <\/figure>\n\n    <\/div>\n            <\/div>\n            <\/div>\n\n    <\/div><\/div><\/div><\/div><div id=\"pgc-2183-6-1\"  class=\"panel-grid-cell\" ><div id=\"panel-2183-6-1-0\" class=\"so-panel widget widget_cn-core-cta-widget panel-first-child panel-last-child\" data-index=\"11\" ><div\n\t\t\t\n\t\t\tclass=\"so-widget-cn-core-cta-widget so-widget-cn-core-cta-widget-base\"\n\t\t\t\n\t\t><div class=\"c-cta no-layout c-cta--extra\">\n\n    <div class=\"c-cta__content\">\n\n        <div class=\"c-cta__inner\">\n\n            \n            \n            \n            \n                <div class=\"c-cta__headings\">\n\n                \n                                    <h2 class=\"c-cta__heading\">\n                        Sauna et Hammam                     <\/h2>\n                \n                \n                <\/div>\n\n            \n            \n            \n                            <div class=\"c-cta__text \/ s-entry\">\n                    <p>Notre salle de sauna est un havre de d\u00e9tente, avec des murs fabriqu\u00e9s \u00e0 partir de sel rose de l'Himalaya d\u00e9toxifiant. Allong\u00e9 sur des bancs confortables, le stress s'\u00e9vanouit et vous laisse frais et dispos.<\/p>\n<p>Le Hammam vous invite \u00e0 d\u00e9couvrir une version moderne d'un ancien rituel de bain. Entrez dans la chambre remplie de vapeur, o\u00f9 les surfaces en marbre brillent doucement. Laissez la chaleur apaiser vos muscles et trouvez le r\u00e9confort parmi les huiles aromatiques.<\/p>\n                <\/div>\n            \n            \n            \n                    <\/div>\n\n    <\/div>\n\n    \n    \n    \n<\/div>\n\n<\/div><\/div><\/div><\/div><\/div><\/div>","protected":false},"excerpt":{"rendered":"<p>Installations de spa et de bien-\u00eatre dans notre h\u00f4tel de l&rsquo;\u00eele Maurice Recharger, Ressourcez et revitaliser Plongez au c\u0153ur du mode de vie Shanti Wellness Scroll to explore Faites une pause et \u00e9coutez votre corps !! Incarn\u00e9 dans la soci\u00e9t\u00e9 du groupe Shanti, chez Ocean&rsquo;s Creek, nous croyons qu&rsquo;il faut donner la priorit\u00e9 \u00e0 votre &hellip;<\/p>\n","protected":false},"author":1,"featured_media":0,"parent":0,"menu_order":4,"comment_status":"closed","ping_status":"closed","template":"","meta":{"_acf_changed":false,"footnotes":""},"class_list":["post--2183","post--page","post--type-page","post--status-publish","post--hentry"],"acf":[],"_links":{"self":[{"href":"https:\/\/oceanscreekmauritius.com\/fr\/wp-json\/wp\/v2\/pages\/2183","targetHints":{"allow":["GET"]}}],"collection":[{"href":"https:\/\/oceanscreekmauritius.com\/fr\/wp-json\/wp\/v2\/pages"}],"about":[{"href":"https:\/\/oceanscreekmauritius.com\/fr\/wp-json\/wp\/v2\/types\/page"}],"author":[{"embeddable":true,"href":"https:\/\/oceanscreekmauritius.com\/fr\/wp-json\/wp\/v2\/users\/1"}],"replies":[{"embeddable":true,"href":"https:\/\/oceanscreekmauritius.com\/fr\/wp-json\/wp\/v2\/comments?post=2183"}],"version-history":[{"count":6,"href":"https:\/\/oceanscreekmauritius.com\/fr\/wp-json\/wp\/v2\/pages\/2183\/revisions"}],"predecessor-version":[{"id":2470,"href":"https:\/\/oceanscreekmauritius.com\/fr\/wp-json\/wp\/v2\/pages\/2183\/revisions\/2470"}],"wp:attachment":[{"href":"https:\/\/oceanscreekmauritius.com\/fr\/wp-json\/wp\/v2\/media?parent=2183"}],"curies":[{"name":"wp","href":"https:\/\/api.w.org\/{rel}","templated":true}]}}