{"id":2220,"date":"2023-06-27T09:37:49","date_gmt":"2023-06-27T08:37:49","guid":{"rendered":"https:\/\/oceanscreekmauritius.com\/accommodation\/rooms\/"},"modified":"2024-05-31T18:15:21","modified_gmt":"2024-05-31T17:15:21","slug":"rooms","status":"publish","type":"page","link":"https:\/\/oceanscreekmauritius.com\/fr\/accommodation\/rooms\/","title":{"rendered":"Rooms"},"content":{"rendered":"<div id=\"pl-2220\"  class=\"panel-layout\" ><div id=\"pg-2220-0\"  class=\"panel-grid panel-has-style\" ><div class=\"c-row--valign-default c-row--widget-none c-row--margin-default c-row--column-default siteorigin-panels-stretch panel-row-style panel-row-style-for-2220-0\" data-stretch-type=\"full-stretched\" ><div id=\"pgc-2220-0-0\"  class=\"panel-grid-cell\" ><div id=\"panel-2220-0-0-0\" class=\"so-panel widget widget_cn-core-hero-widget panel-first-child panel-last-child\" data-index=\"0\" ><div\n\t\t\t\n\t\t\tclass=\"so-widget-cn-core-hero-widget so-widget-cn-core-hero-widget-base\"\n\t\t\t\n\t\t><section class=\"c-hero c-hero--short\">\n    <div class=\"c-hero__inner\">\n        \n        <div class=\"c-hero__content\">\n\n                            <h1 class=\"c-hero__heading\">\n                    Chambres dans notre h\u00f4tel de plage \u00e0 l'\u00eele Maurice                <\/h1>\n            \n                            <p class=\"c-hero__subheading\">\n                    Design moderne avec tout le confort                <\/p>\n                            <div class=\"s-entry \/ c-hero__text\">\n                    <p>\n                        Vous pourrez profiter d'un paysage incomparable, avec une vue sur la for\u00eat, sur la piscine ou sur la rivi\u00e8re.                    <\/p>\n                <\/div>\n                    <\/div>\n\n        \n        <div class=\"c-hero__buttons\">\n\n            \n<a role=\"button\" class=\"c-button namastay-widget-button c-button--conversion\"\n    >\n    Book now<\/a>\n        <\/div>\n\n        \n    <\/div>\n\n\n                <figure class=\"c-hero__badge c-hero__badge--0\">\n                                                                        <\/figure>\n            \n    \n    <div data-src=\"https:\/\/hotelcms-production.imgix.net\/oceanscreekmauritius.com\/wp-content\/uploads\/2023\/12\/54-OC54-scaled.jpg\" data-crop=\"centre\" class=\"imgix-fluid  crop \/ c-hero__background\"><\/div><noscript><div style=\"background-image: url(https:\/\/hotelcms-production.imgix.net\/oceanscreekmauritius.com\/wp-content\/uploads\/2023\/12\/54-OC54-scaled.jpg);\" class=\"crop \/ c-hero__background\" ><\/div><\/noscript>\n    \n    <\/section>\n<\/div><\/div><\/div><\/div><\/div><div id=\"pg-2220-1\"  class=\"panel-grid panel-has-style\" ><div class=\"c-row--valign-default c-row--widget-spacing c-row--margin-default c-row--column-default siteorigin-panels-stretch has-background c-row--background-cover imgix-fluid crop panel-row-style panel-row-style-for-2220-1\" data-stretch-type=\"full\" data-src=\"\" data-crop=\"\" ><div id=\"pgc-2220-1-0\"  class=\"panel-grid-cell\" ><div id=\"panel-2220-1-0-0\" class=\"so-panel widget widget_cn-core-text-widget panel-first-child panel-last-child\" data-index=\"1\" ><div\n\t\t\t\n\t\t\tclass=\"so-widget-cn-core-text-widget so-widget-cn-core-text-widget-base\"\n\t\t\t\n\t\t>\n<div class=\"c-text c-text--lede\" >\n\n    \n    \n    \n    <div class=\"c-text__content s-entry\">\n        <p>D\u00e9couvrez une hospitalit\u00e9 adapt\u00e9e \u00e0 vos besoins avec diverses options d'h\u00e9bergement dans 136 unit\u00e9s r\u00e9parties en chambres, chambres familiales, suites et kitchenettes, studios enti\u00e8rement meubl\u00e9s de 34 m\u00b2 \u00e0 67 m\u00b2. Toutes les chambres et suites varient en termes de vue, d'ameublement et d'agencement. Elles offrent tout ce dont un voyageur moderne a besoin pour passer un agr\u00e9able s\u00e9jour et des balcons pour se d\u00e9tendre et observer la vie.<\/p>\n    <\/div>\n\n<\/div>\n<\/div><\/div><\/div><\/div><\/div><div id=\"pg-2220-2\"  class=\"panel-grid panel-has-style\" ><div class=\"c-row--valign-default c-row--widget-default c-row--margin-small c-row--column-default siteorigin-panels-stretch panel-row-style panel-row-style-for-2220-2\" data-stretch-type=\"full\" ><div id=\"pgc-2220-2-0\"  class=\"panel-grid-cell\" ><div id=\"panel-2220-2-0-0\" class=\"so-panel widget widget_cn-core-cta-widget panel-first-child panel-last-child\" data-index=\"2\" ><div\n\t\t\t\n\t\t\tclass=\"so-widget-cn-core-cta-widget so-widget-cn-core-cta-widget-base\"\n\t\t\t\n\t\t><div class=\"c-cta no-layout no-variation\">\n\n    <div class=\"c-cta__content\">\n\n        <div class=\"c-cta__inner\">\n\n                            <a href=\"https:\/\/oceanscreekmauritius.com\/accommodation\/rooms\/comfort-room\/\" class=\"c-cta__anchor\">\n            \n            \n                          <div class=\"crop\">\n                <div data-src=\"https:\/\/hotelcms-production.imgix.net\/oceanscreekmauritius.com\/wp-content\/uploads\/2023\/12\/53-OC5-scaled.jpg\" data-crop=\"centre\" class=\"imgix-fluid  c-image c-cta__image\"><\/div><noscript><div style=\"background-image: url(https:\/\/hotelcms-production.imgix.net\/oceanscreekmauritius.com\/wp-content\/uploads\/2023\/12\/53-OC5-scaled.jpg);\" class=\"c-image c-cta__image\" ><\/div><\/noscript>              <\/div>\n            \n            \n                <div class=\"c-cta__headings\">\n\n                                    <p class=\"c-cta__preheading\">\n                        Un choix parfait pour deux                    <\/p>\n                \n                                    <h2 class=\"c-cta__heading\">\n                        Chambre Confort                    <\/h2>\n                \n                \n                <\/div>\n\n            \n            \n                            <\/a>\n            \n            \n            \n            \n                    <\/div>\n\n    <\/div>\n\n    \n    \n            <a href=\"https:\/\/oceanscreekmauritius.com\/accommodation\/rooms\/comfort-room\/\" class=\"c-cta__detached-anchor\"><\/a>\n    \n<\/div>\n\n<\/div><\/div><\/div><div id=\"pgc-2220-2-1\"  class=\"panel-grid-cell\" ><div id=\"panel-2220-2-1-0\" class=\"so-panel widget widget_cn-core-cta-widget panel-first-child panel-last-child\" data-index=\"3\" ><div\n\t\t\t\n\t\t\tclass=\"so-widget-cn-core-cta-widget so-widget-cn-core-cta-widget-base\"\n\t\t\t\n\t\t><div class=\"c-cta no-layout no-variation\">\n\n    <div class=\"c-cta__content\">\n\n        <div class=\"c-cta__inner\">\n\n                            <a href=\"https:\/\/oceanscreekmauritius.com\/accommodation\/rooms\/superior-room\/\" class=\"c-cta__anchor\">\n            \n            \n                          <div class=\"crop\">\n                <div data-src=\"https:\/\/hotelcms-production.imgix.net\/oceanscreekmauritius.com\/wp-content\/uploads\/2023\/12\/3-OC4-scaled.jpg\" data-crop=\"manual\" class=\"imgix-fluid  c-image c-cta__image\" data-focus-horizontal=\"50\" data-focus-vertical=\"75\"><\/div><noscript><div style=\"background-image: url(https:\/\/hotelcms-production.imgix.net\/oceanscreekmauritius.com\/wp-content\/uploads\/2023\/12\/3-OC4-scaled.jpg);\" class=\"c-image c-cta__image\" ><\/div><\/noscript>              <\/div>\n            \n            \n                <div class=\"c-cta__headings\">\n\n                                    <p class=\"c-cta__preheading\">\n                        Confortable, \u00e9l\u00e9gant et spacieux                    <\/p>\n                \n                                    <h2 class=\"c-cta__heading\">\n                        Chambre sup\u00e9rieure                    <\/h2>\n                \n                \n                <\/div>\n\n            \n            \n                            <\/a>\n            \n            \n            \n            \n                    <\/div>\n\n    <\/div>\n\n    \n    \n            <a href=\"https:\/\/oceanscreekmauritius.com\/accommodation\/rooms\/superior-room\/\" class=\"c-cta__detached-anchor\"><\/a>\n    \n<\/div>\n\n<\/div><\/div><\/div><\/div><\/div><div id=\"pg-2220-3\"  class=\"panel-grid panel-has-style\" ><div class=\"c-row--valign-default c-row--widget-none c-row--margin-small c-row--column-default siteorigin-panels-stretch panel-row-style panel-row-style-for-2220-3\" data-stretch-type=\"full\" ><div id=\"pgc-2220-3-0\"  class=\"panel-grid-cell panel-grid-cell-mobile-last\" ><div id=\"panel-2220-3-0-0\" class=\"so-panel widget widget_cn-core-cta-widget panel-first-child panel-last-child\" data-index=\"4\" ><div\n\t\t\t\n\t\t\tclass=\"so-widget-cn-core-cta-widget so-widget-cn-core-cta-widget-base\"\n\t\t\t\n\t\t><div class=\"c-cta no-layout no-variation\">\n\n    <div class=\"c-cta__content\">\n\n        <div class=\"c-cta__inner\">\n\n                            <a href=\"https:\/\/oceanscreekmauritius.com\/accommodation\/rooms\/family-room\/\" class=\"c-cta__anchor\">\n            \n            \n                          <div class=\"crop\">\n                <div data-src=\"https:\/\/hotelcms-production.imgix.net\/oceanscreekmauritius.com\/wp-content\/uploads\/2024\/02\/55-DSC04973-HDR-scaled.jpg\" data-crop=\"centre\" class=\"imgix-fluid  c-image c-cta__image\"><\/div><noscript><div style=\"background-image: url(https:\/\/hotelcms-production.imgix.net\/oceanscreekmauritius.com\/wp-content\/uploads\/2024\/02\/55-DSC04973-HDR-scaled.jpg);\" class=\"c-image c-cta__image\" ><\/div><\/noscript>              <\/div>\n            \n            \n                <div class=\"c-cta__headings\">\n\n                                    <p class=\"c-cta__preheading\">\n                        Con\u00e7u par des familles pour des familles                    <\/p>\n                \n                                    <h2 class=\"c-cta__heading\">\n                        Salle familiale                    <\/h2>\n                \n                \n                <\/div>\n\n            \n            \n                            <\/a>\n            \n            \n            \n            \n                    <\/div>\n\n    <\/div>\n\n    \n    \n            <a href=\"https:\/\/oceanscreekmauritius.com\/accommodation\/rooms\/family-room\/\" class=\"c-cta__detached-anchor\"><\/a>\n    \n<\/div>\n\n<\/div><\/div><\/div><div id=\"pgc-2220-3-1\"  class=\"panel-grid-cell panel-grid-cell-empty\" ><\/div><\/div><\/div><div id=\"pg-2220-4\"  class=\"panel-grid panel-has-style\" ><div class=\"c-row--valign-default c-row--widget-none c-row--margin-default c-row--column-large siteorigin-panels-stretch panel-row-style panel-row-style-for-2220-4\" data-stretch-type=\"full-stretched\" ><div id=\"pgc-2220-4-0\"  class=\"panel-grid-cell\" ><div id=\"panel-2220-4-0-0\" class=\"so-panel widget widget_cn-core-adjacent-pages-widget panel-first-child panel-last-child\" data-index=\"5\" ><div\n\t\t\t\n\t\t\tclass=\"so-widget-cn-core-adjacent-pages-widget so-widget-cn-core-adjacent-pages-widget-base\"\n\t\t\t\n\t\t><nav class=\"c-siblings  \">\n\n    <ul class=\"menu\">\n        <li class=\"c-siblings__page \/ menu__previous\">\n                            <a href=\"https:\/\/oceanscreekmauritius.com\/accommodation\/\">Back to Accommodation<\/a>\n                    <\/li>\n\n        \n        <li class=\"c-siblings__page \/ menu__next\">\n                        <a href=\"https:\/\/oceanscreekmauritius.com\/fr\/accommodation\/suites\/\" class=\"\">Next page &rarr;<\/a>                    <\/li>\n    <\/ul>\n\n<\/nav><\/div><\/div><\/div><\/div><\/div><div id=\"pg-2220-5\"  class=\"panel-grid panel-has-style\" ><div class=\"c-row--valign-default c-row--widget-default c-row--margin-small c-row--column-default siteorigin-panels-stretch panel-row-style panel-row-style-for-2220-5\" data-stretch-type=\"full\" ><div id=\"pgc-2220-5-0\"  class=\"panel-grid-cell\" ><div id=\"panel-2220-5-0-0\" class=\"so-panel widget widget_cn-core-cta-widget panel-first-child panel-last-child\" data-index=\"6\" ><div\n\t\t\t\n\t\t\tclass=\"so-widget-cn-core-cta-widget so-widget-cn-core-cta-widget-base\"\n\t\t\t\n\t\t><div class=\"c-cta no-layout no-variation\">\n\n    <div class=\"c-cta__content\">\n\n        <div class=\"c-cta__inner\">\n\n                            <a href=\"https:\/\/oceanscreekmauritius.com\/restaurants-bars\/\" class=\"c-cta__anchor\">\n            \n            \n                          <div class=\"crop\">\n                <div data-src=\"https:\/\/hotelcms-production.imgix.net\/oceanscreekmauritius.com\/wp-content\/uploads\/2023\/11\/7-SCP_5751-scaled.jpg\" data-crop=\"centre\" class=\"imgix-fluid  c-image c-cta__image\"><\/div><noscript><div style=\"background-image: url(https:\/\/hotelcms-production.imgix.net\/oceanscreekmauritius.com\/wp-content\/uploads\/2023\/11\/7-SCP_5751-scaled.jpg);\" class=\"c-image c-cta__image\" ><\/div><\/noscript>              <\/div>\n            \n            \n                <div class=\"c-cta__headings\">\n\n                                    <p class=\"c-cta__preheading\">\n                        Dining Experiences                    <\/p>\n                \n                                    <h2 class=\"c-cta__heading\">\n                        A flavourful journey across the world                    <\/h2>\n                \n                \n                <\/div>\n\n            \n            \n                            <\/a>\n            \n            \n            \n            \n                    <\/div>\n\n    <\/div>\n\n    \n    \n            <a href=\"https:\/\/oceanscreekmauritius.com\/restaurants-bars\/\" class=\"c-cta__detached-anchor\"><\/a>\n    \n<\/div>\n\n<\/div><\/div><\/div><div id=\"pgc-2220-5-1\"  class=\"panel-grid-cell\" ><div id=\"panel-2220-5-1-0\" class=\"so-panel widget widget_cn-core-cta-widget panel-first-child panel-last-child\" data-index=\"7\" ><div\n\t\t\t\n\t\t\tclass=\"so-widget-cn-core-cta-widget so-widget-cn-core-cta-widget-base\"\n\t\t\t\n\t\t><div class=\"c-cta no-layout no-variation\">\n\n    <div class=\"c-cta__content\">\n\n        <div class=\"c-cta__inner\">\n\n                            <a href=\"https:\/\/oceanscreekmauritius.com\/wellness-spa\/\" class=\"c-cta__anchor\">\n            \n            \n                          <div class=\"crop\">\n                <div data-src=\"https:\/\/hotelcms-production.imgix.net\/oceanscreekmauritius.com\/wp-content\/uploads\/2023\/07\/35-OC47-scaled.jpg\" data-crop=\"\" class=\"imgix-fluid  c-image c-cta__image\"><\/div><noscript><div style=\"background-image: url(https:\/\/hotelcms-production.imgix.net\/oceanscreekmauritius.com\/wp-content\/uploads\/2023\/07\/35-OC47-scaled.jpg);\" class=\"c-image c-cta__image\" ><\/div><\/noscript>              <\/div>\n            \n            \n                <div class=\"c-cta__headings\">\n\n                                    <p class=\"c-cta__preheading\">\n                        Shanti Wellness                    <\/p>\n                \n                                    <h2 class=\"c-cta__heading\">\n                        Harmony to the mind, body and soul                    <\/h2>\n                \n                \n                <\/div>\n\n            \n            \n                            <\/a>\n            \n            \n            \n            \n                    <\/div>\n\n    <\/div>\n\n    \n    \n            <a href=\"https:\/\/oceanscreekmauritius.com\/wellness-spa\/\" class=\"c-cta__detached-anchor\"><\/a>\n    \n<\/div>\n\n<\/div><\/div><\/div><div id=\"pgc-2220-5-2\"  class=\"panel-grid-cell\" ><div id=\"panel-2220-5-2-0\" class=\"so-panel widget widget_cn-core-cta-widget panel-first-child panel-last-child\" data-index=\"8\" ><div\n\t\t\t\n\t\t\tclass=\"so-widget-cn-core-cta-widget so-widget-cn-core-cta-widget-base\"\n\t\t\t\n\t\t><div class=\"c-cta no-layout no-variation\">\n\n    <div class=\"c-cta__content\">\n\n        <div class=\"c-cta__inner\">\n\n                            <a href=\"https:\/\/oceanscreekmauritius.com\/leisure-activities\/\" class=\"c-cta__anchor\">\n            \n            \n                          <div class=\"crop\">\n                <div data-src=\"https:\/\/hotelcms-production.imgix.net\/oceanscreekmauritius.com\/wp-content\/uploads\/2023\/12\/3-1-scaled.jpg\" data-crop=\"centre\" class=\"imgix-fluid  c-image c-cta__image\"><\/div><noscript><div style=\"background-image: url(https:\/\/hotelcms-production.imgix.net\/oceanscreekmauritius.com\/wp-content\/uploads\/2023\/12\/3-1-scaled.jpg);\" class=\"c-image c-cta__image\" ><\/div><\/noscript>              <\/div>\n            \n            \n                <div class=\"c-cta__headings\">\n\n                                    <p class=\"c-cta__preheading\">\n                        Leisure &amp; Activities                    <\/p>\n                \n                                    <h2 class=\"c-cta__heading\">\n                        Create unforgettable moments with leisure                    <\/h2>\n                \n                \n                <\/div>\n\n            \n            \n                            <\/a>\n            \n            \n            \n            \n                    <\/div>\n\n    <\/div>\n\n    \n    \n            <a href=\"https:\/\/oceanscreekmauritius.com\/leisure-activities\/\" class=\"c-cta__detached-anchor\"><\/a>\n    \n<\/div>\n\n<\/div><\/div><\/div><\/div><\/div><div id=\"pg-2220-6\"  class=\"panel-grid panel-has-style\" ><div class=\"c-row--valign-default c-row--widget-spacing c-row--margin-none c-row--column-default siteorigin-panels-stretch panel-row-style panel-row-style-for-2220-6\" data-stretch-type=\"full-stretched\" ><div id=\"pgc-2220-6-0\"  class=\"panel-grid-cell\" ><div id=\"panel-2220-6-0-0\" class=\"so-panel widget widget_cn-core-cta-widget panel-first-child panel-last-child\" data-index=\"9\" ><div\n\t\t\t\n\t\t\tclass=\"so-widget-cn-core-cta-widget so-widget-cn-core-cta-widget-base\"\n\t\t\t\n\t\t><div class=\"c-cta c-cta--layout-breaker no-variation has-background\">\n\n    <div class=\"c-cta__content\">\n\n        <div class=\"c-cta__inner\">\n\n            \n            \n            \n            \n                <div class=\"c-cta__headings\">\n\n                                    <p class=\"c-cta__preheading\">\n                        Experience at Ocean's Creek                    <\/p>\n                \n                                    <h2 class=\"c-cta__heading\">\n                        You are exactly where you are meant to be!                    <\/h2>\n                \n                \n                <\/div>\n\n            \n            \n            \n                            <div class=\"c-cta__text \/ s-entry\">\n                    <p>Give in to your wanderlust and expect the unexpected at Ocean's Creek. And what's more, if you book directly on our website, you can take advantage of our most popular rates and, subject to availability, complimentary early check-in and late check-out.<\/p>\n                <\/div>\n            \n            \n                            <div class=\"c-cta__buttons\">\n                    \n<a role=\"button\" class=\"c-button button \/ c-cta__button  namastay-widget-button c-button--conversion\"\n    >\n    Book your stay<\/a>                <\/div>\n            \n                    <\/div>\n\n    <\/div>\n\n    \n            <div data-src=\"https:\/\/hotelcms-production.imgix.net\/oceanscreekmauritius.com\/wp-content\/uploads\/2023\/07\/5-OC7-scaled.jpg\" data-crop=\"\" class=\"imgix-fluid  crop \/ c-background c-cta__background\"><\/div><noscript><div style=\"background-image: url(https:\/\/hotelcms-production.imgix.net\/oceanscreekmauritius.com\/wp-content\/uploads\/2023\/07\/5-OC7-scaled.jpg);\" class=\"crop \/ c-background c-cta__background\" ><\/div><\/noscript>    \n    \n<\/div>\n\n<\/div><\/div><\/div><\/div><\/div><\/div>","protected":false},"excerpt":{"rendered":"<p>Chambres dans notre h\u00f4tel de plage \u00e0 l&rsquo;\u00eele Maurice Design moderne avec tout le confort Vous pourrez profiter d&rsquo;un paysage incomparable, avec une vue sur la for\u00eat, sur la piscine ou sur la rivi\u00e8re. Book now D\u00e9couvrez une hospitalit\u00e9 adapt\u00e9e \u00e0 vos besoins avec diverses options d&rsquo;h\u00e9bergement dans 136 unit\u00e9s r\u00e9parties en chambres, chambres familiales, &hellip;<\/p>\n","protected":false},"author":1,"featured_media":0,"parent":2167,"menu_order":0,"comment_status":"closed","ping_status":"closed","template":"","meta":{"_acf_changed":false,"footnotes":""},"class_list":["post--2220","post--page","post--type-page","post--status-publish","post--hentry"],"acf":[],"_links":{"self":[{"href":"https:\/\/oceanscreekmauritius.com\/fr\/wp-json\/wp\/v2\/pages\/2220","targetHints":{"allow":["GET"]}}],"collection":[{"href":"https:\/\/oceanscreekmauritius.com\/fr\/wp-json\/wp\/v2\/pages"}],"about":[{"href":"https:\/\/oceanscreekmauritius.com\/fr\/wp-json\/wp\/v2\/types\/page"}],"author":[{"embeddable":true,"href":"https:\/\/oceanscreekmauritius.com\/fr\/wp-json\/wp\/v2\/users\/1"}],"replies":[{"embeddable":true,"href":"https:\/\/oceanscreekmauritius.com\/fr\/wp-json\/wp\/v2\/comments?post=2220"}],"version-history":[{"count":1,"href":"https:\/\/oceanscreekmauritius.com\/fr\/wp-json\/wp\/v2\/pages\/2220\/revisions"}],"predecessor-version":[{"id":2221,"href":"https:\/\/oceanscreekmauritius.com\/fr\/wp-json\/wp\/v2\/pages\/2220\/revisions\/2221"}],"up":[{"embeddable":true,"href":"https:\/\/oceanscreekmauritius.com\/fr\/wp-json\/wp\/v2\/pages\/2167"}],"wp:attachment":[{"href":"https:\/\/oceanscreekmauritius.com\/fr\/wp-json\/wp\/v2\/media?parent=2220"}],"curies":[{"name":"wp","href":"https:\/\/api.w.org\/{rel}","templated":true}]}}