{"id":2231,"date":"2023-06-27T09:37:49","date_gmt":"2023-06-27T08:37:49","guid":{"rendered":"https:\/\/oceanscreekmauritius.com\/accommodation\/studios\/"},"modified":"2024-06-03T17:25:24","modified_gmt":"2024-06-03T16:25:24","slug":"studios","status":"publish","type":"page","link":"https:\/\/oceanscreekmauritius.com\/fr\/accommodation\/studios\/","title":{"rendered":"Studios"},"content":{"rendered":"<div id=\"pl-2231\"  class=\"panel-layout\" ><div id=\"pg-2231-0\"  class=\"panel-grid panel-has-style\" ><div class=\"c-row--valign-default c-row--widget-none c-row--margin-default c-row--column-default siteorigin-panels-stretch panel-row-style panel-row-style-for-2231-0\" data-stretch-type=\"full-stretched\" ><div id=\"pgc-2231-0-0\"  class=\"panel-grid-cell\" ><div id=\"panel-2231-0-0-0\" class=\"so-panel widget widget_cn-core-hero-widget panel-first-child panel-last-child\" data-index=\"0\" ><div\n\t\t\t\n\t\t\tclass=\"so-widget-cn-core-hero-widget so-widget-cn-core-hero-widget-base\"\n\t\t\t\n\t\t><section class=\"c-hero c-hero--short\">\n    <div class=\"c-hero__inner\">\n        \n        <div class=\"c-hero__content\">\n\n                            <h1 class=\"c-hero__heading\">\n                    Studios dans notre h\u00f4tel de plage \u00e0 l'\u00eele Maurice                <\/h1>\n            \n                            <p class=\"c-hero__subheading\">\n                    Moderne et sophistiqu\u00e9                <\/p>\n                            <div class=\"s-entry \/ c-hero__text\">\n                    <p>\n                        Chambres et suites avec kitchenette                    <\/p>\n                <\/div>\n                    <\/div>\n\n        \n        <div class=\"c-hero__buttons\">\n\n            \n<a role=\"button\" class=\"c-button namastay-widget-button c-button--conversion\"\n    >\n    Book now<\/a>\n        <\/div>\n\n        \n    <\/div>\n\n\n                <figure class=\"c-hero__badge c-hero__badge--0\">\n                                                                        <\/figure>\n            \n    \n    <div data-src=\"https:\/\/hotelcms-production.imgix.net\/oceanscreekmauritius.com\/wp-content\/uploads\/2023\/07\/54-OC54-scaled.jpg\" data-crop=\"manual\" class=\"imgix-fluid  crop \/ c-hero__background\" data-focus-horizontal=\"50\" data-focus-vertical=\"80\"><\/div><noscript><div style=\"background-image: url(https:\/\/hotelcms-production.imgix.net\/oceanscreekmauritius.com\/wp-content\/uploads\/2023\/07\/54-OC54-scaled.jpg);\" class=\"crop \/ c-hero__background\" ><\/div><\/noscript>\n    \n    <\/section>\n<\/div><\/div><\/div><\/div><\/div><div id=\"pg-2231-1\"  class=\"panel-grid panel-has-style\" ><div class=\"c-row--valign-default c-row--widget-spacing c-row--margin-default c-row--column-default siteorigin-panels-stretch has-background c-row--background-cover imgix-fluid crop panel-row-style panel-row-style-for-2231-1\" data-stretch-type=\"full\" data-src=\"\" data-crop=\"\" ><div id=\"pgc-2231-1-0\"  class=\"panel-grid-cell\" ><div id=\"panel-2231-1-0-0\" class=\"so-panel widget widget_cn-core-text-widget panel-first-child panel-last-child\" data-index=\"1\" ><div\n\t\t\t\n\t\t\tclass=\"so-widget-cn-core-text-widget so-widget-cn-core-text-widget-base\"\n\t\t\t\n\t\t>\n<div class=\"c-text c-text--lede\" >\n\n    \n    \n    \n    <div class=\"c-text__content s-entry\">\n        <p>Nos chambres avec kitchenette repr\u00e9sentent la solution ultime pour les clients qui s\u00e9journent plus longtemps, offrant ce qu'il y a de mieux aux familles et aux voyageurs d'affaires. Ces chambres et suites Studio r\u00e9pondent aux besoins des clients qui souhaitent pr\u00e9parer un repas maison occasionnel avec des produits locaux ou r\u00e9pondre \u00e0 leurs propres besoins di\u00e9t\u00e9tiques. Le salon ouvert, con\u00e7u pour recevoir nos h\u00f4tes en toute tranquillit\u00e9, dispose d'une kitchenette enti\u00e8rement \u00e9quip\u00e9e avec tout le confort moderne : un espace de travail et un cadre d\u00e9tendu pour rassembler de bons souvenirs dans la maison loin de la maison. Que ce soit pour un couple, une jeune famille ou un groupe d'amis, nos chambres et suites \u00e9quip\u00e9es d'une kitchenette offrent une solution intelligente et une grande flexibilit\u00e9 \u00e0 votre mode de vie en vacances.<\/p>\n    <\/div>\n\n<\/div>\n<\/div><\/div><\/div><\/div><\/div><div id=\"pg-2231-2\"  class=\"panel-grid panel-has-style\" ><div class=\"c-row--valign-default c-row--widget-default c-row--margin-small c-row--column-default siteorigin-panels-stretch panel-row-style panel-row-style-for-2231-2\" data-stretch-type=\"full\" ><div id=\"pgc-2231-2-0\"  class=\"panel-grid-cell\" ><div id=\"panel-2231-2-0-0\" class=\"so-panel widget widget_cn-core-cta-widget panel-first-child panel-last-child\" data-index=\"2\" ><div\n\t\t\t\n\t\t\tclass=\"so-widget-cn-core-cta-widget so-widget-cn-core-cta-widget-base\"\n\t\t\t\n\t\t><div class=\"c-cta no-layout no-variation\">\n\n    <div class=\"c-cta__content\">\n\n        <div class=\"c-cta__inner\">\n\n                            <a href=\"https:\/\/oceanscreekmauritius.com\/accommodation\/studios\/superior-room-studio\/\" class=\"c-cta__anchor\">\n            \n            \n                          <div class=\"crop\">\n                <div data-src=\"https:\/\/hotelcms-production.imgix.net\/oceanscreekmauritius.com\/wp-content\/uploads\/2024\/01\/Studio-Superior-room-scaled.jpg\" data-crop=\"\" class=\"imgix-fluid  c-image c-cta__image\"><\/div><noscript><div style=\"background-image: url(https:\/\/hotelcms-production.imgix.net\/oceanscreekmauritius.com\/wp-content\/uploads\/2024\/01\/Studio-Superior-room-scaled.jpg);\" class=\"c-image c-cta__image\" ><\/div><\/noscript>              <\/div>\n            \n            \n                <div class=\"c-cta__headings\">\n\n                                    <p class=\"c-cta__preheading\">\n                        Confortable, \u00e9l\u00e9gant et spacieux                    <\/p>\n                \n                                    <h2 class=\"c-cta__heading\">\n                        Studio Comfort &amp; Superior Rooms                    <\/h2>\n                \n                \n                <\/div>\n\n            \n            \n                            <\/a>\n            \n            \n            \n            \n                    <\/div>\n\n    <\/div>\n\n    \n    \n            <a href=\"https:\/\/oceanscreekmauritius.com\/accommodation\/studios\/superior-room-studio\/\" class=\"c-cta__detached-anchor\"><\/a>\n    \n<\/div>\n\n<\/div><\/div><\/div><div id=\"pgc-2231-2-1\"  class=\"panel-grid-cell\" ><div id=\"panel-2231-2-1-0\" class=\"so-panel widget widget_cn-core-cta-widget panel-first-child panel-last-child\" data-index=\"3\" ><div\n\t\t\t\n\t\t\tclass=\"so-widget-cn-core-cta-widget so-widget-cn-core-cta-widget-base\"\n\t\t\t\n\t\t><div class=\"c-cta no-layout no-variation\">\n\n    <div class=\"c-cta__content\">\n\n        <div class=\"c-cta__inner\">\n\n                            <a href=\"https:\/\/oceanscreekmauritius.com\/accommodation\/studios\/suite-studio\/\" class=\"c-cta__anchor\">\n            \n            \n                          <div class=\"crop\">\n                <div data-src=\"https:\/\/hotelcms-production.imgix.net\/oceanscreekmauritius.com\/wp-content\/uploads\/2024\/02\/55-DSC04973-HDR-scaled.jpg\" data-crop=\"centre\" class=\"imgix-fluid  c-image c-cta__image\"><\/div><noscript><div style=\"background-image: url(https:\/\/hotelcms-production.imgix.net\/oceanscreekmauritius.com\/wp-content\/uploads\/2024\/02\/55-DSC04973-HDR-scaled.jpg);\" class=\"c-image c-cta__image\" ><\/div><\/noscript>              <\/div>\n            \n            \n                <div class=\"c-cta__headings\">\n\n                                    <p class=\"c-cta__preheading\">\n                        Contemporain et tendance                    <\/p>\n                \n                                    <h2 class=\"c-cta__heading\">\n                        Studio Suite Room                    <\/h2>\n                \n                \n                <\/div>\n\n            \n            \n                            <\/a>\n            \n            \n            \n            \n                    <\/div>\n\n    <\/div>\n\n    \n    \n            <a href=\"https:\/\/oceanscreekmauritius.com\/accommodation\/studios\/suite-studio\/\" class=\"c-cta__detached-anchor\"><\/a>\n    \n<\/div>\n\n<\/div><\/div><\/div><\/div><\/div><div id=\"pg-2231-3\"  class=\"panel-grid panel-has-style\" ><div class=\"c-row--valign-default c-row--widget-none c-row--margin-small c-row--column-default siteorigin-panels-stretch panel-row-style panel-row-style-for-2231-3\" data-stretch-type=\"full\" ><div id=\"pgc-2231-3-0\"  class=\"panel-grid-cell\" ><div id=\"panel-2231-3-0-0\" class=\"so-panel widget widget_cn-core-cta-widget panel-first-child panel-last-child\" data-index=\"4\" ><div\n\t\t\t\n\t\t\tclass=\"so-widget-cn-core-cta-widget so-widget-cn-core-cta-widget-base\"\n\t\t\t\n\t\t><div class=\"c-cta no-layout no-variation\">\n\n    <div class=\"c-cta__content\">\n\n        <div class=\"c-cta__inner\">\n\n                            <a href=\"https:\/\/oceanscreekmauritius.com\/accommodation\/studios\/family-room-studio\/\" class=\"c-cta__anchor\">\n            \n            \n                          <div class=\"crop\">\n                <div data-src=\"https:\/\/hotelcms-production.imgix.net\/oceanscreekmauritius.com\/wp-content\/uploads\/2024\/01\/Studio-Family-Room-scaled.jpg\" data-crop=\"\" class=\"imgix-fluid  c-image c-cta__image\"><\/div><noscript><div style=\"background-image: url(https:\/\/hotelcms-production.imgix.net\/oceanscreekmauritius.com\/wp-content\/uploads\/2024\/01\/Studio-Family-Room-scaled.jpg);\" class=\"c-image c-cta__image\" ><\/div><\/noscript>              <\/div>\n            \n            \n                <div class=\"c-cta__headings\">\n\n                                    <p class=\"c-cta__preheading\">\n                        Con\u00e7u par des familles pour des familles                    <\/p>\n                \n                                    <h2 class=\"c-cta__heading\">\n                        Studio Family Room                    <\/h2>\n                \n                \n                <\/div>\n\n            \n            \n                            <\/a>\n            \n            \n            \n            \n                    <\/div>\n\n    <\/div>\n\n    \n    \n            <a href=\"https:\/\/oceanscreekmauritius.com\/accommodation\/studios\/family-room-studio\/\" class=\"c-cta__detached-anchor\"><\/a>\n    \n<\/div>\n\n<\/div><\/div><\/div><div id=\"pgc-2231-3-1\"  class=\"panel-grid-cell\" ><div id=\"panel-2231-3-1-0\" class=\"so-panel widget widget_cn-core-cta-widget panel-first-child panel-last-child\" data-index=\"5\" ><div\n\t\t\t\n\t\t\tclass=\"so-widget-cn-core-cta-widget so-widget-cn-core-cta-widget-base\"\n\t\t\t\n\t\t><div class=\"c-cta no-layout no-variation\">\n\n    <div class=\"c-cta__content\">\n\n        <div class=\"c-cta__inner\">\n\n                            <a href=\"https:\/\/oceanscreekmauritius.com\/accommodation\/studios\/family-suite-studio\/\" class=\"c-cta__anchor\">\n            \n            \n                          <div class=\"crop\">\n                <div data-src=\"https:\/\/hotelcms-production.imgix.net\/oceanscreekmauritius.com\/wp-content\/uploads\/2024\/01\/Studio-Family-Suite-scaled.jpg\" data-crop=\"\" class=\"imgix-fluid  c-image c-cta__image\"><\/div><noscript><div style=\"background-image: url(https:\/\/hotelcms-production.imgix.net\/oceanscreekmauritius.com\/wp-content\/uploads\/2024\/01\/Studio-Family-Suite-scaled.jpg);\" class=\"c-image c-cta__image\" ><\/div><\/noscript>              <\/div>\n            \n            \n                <div class=\"c-cta__headings\">\n\n                                    <p class=\"c-cta__preheading\">\n                        Spacieux et a\u00e9r\u00e9                    <\/p>\n                \n                                    <h2 class=\"c-cta__heading\">\n                        Studio Family Suite                    <\/h2>\n                \n                \n                <\/div>\n\n            \n            \n                            <\/a>\n            \n            \n            \n            \n                    <\/div>\n\n    <\/div>\n\n    \n    \n            <a href=\"https:\/\/oceanscreekmauritius.com\/accommodation\/studios\/family-suite-studio\/\" class=\"c-cta__detached-anchor\"><\/a>\n    \n<\/div>\n\n<\/div><\/div><\/div><\/div><\/div><div id=\"pg-2231-4\"  class=\"panel-grid panel-has-style\" ><div class=\"c-row--valign-default c-row--widget-default c-row--margin-small c-row--column-default siteorigin-panels-stretch panel-row-style panel-row-style-for-2231-4\" data-stretch-type=\"full\" ><div id=\"pgc-2231-4-0\"  class=\"panel-grid-cell\" ><div id=\"panel-2231-4-0-0\" class=\"so-panel widget widget_cn-core-cta-widget panel-first-child panel-last-child\" data-index=\"6\" ><div\n\t\t\t\n\t\t\tclass=\"so-widget-cn-core-cta-widget so-widget-cn-core-cta-widget-base\"\n\t\t\t\n\t\t><div class=\"c-cta no-layout no-variation\">\n\n    <div class=\"c-cta__content\">\n\n        <div class=\"c-cta__inner\">\n\n                            <a href=\"https:\/\/oceanscreekmauritius.com\/restaurants-bars\/\" class=\"c-cta__anchor\">\n            \n            \n                          <div class=\"crop\">\n                <div data-src=\"https:\/\/hotelcms-production.imgix.net\/oceanscreekmauritius.com\/wp-content\/uploads\/2023\/11\/7-SCP_5751-scaled.jpg\" data-crop=\"centre\" class=\"imgix-fluid  c-image c-cta__image\"><\/div><noscript><div style=\"background-image: url(https:\/\/hotelcms-production.imgix.net\/oceanscreekmauritius.com\/wp-content\/uploads\/2023\/11\/7-SCP_5751-scaled.jpg);\" class=\"c-image c-cta__image\" ><\/div><\/noscript>              <\/div>\n            \n            \n                <div class=\"c-cta__headings\">\n\n                                    <p class=\"c-cta__preheading\">\n                        Dining Experiences                    <\/p>\n                \n                                    <h2 class=\"c-cta__heading\">\n                        A flavourful journey across the world                    <\/h2>\n                \n                \n                <\/div>\n\n            \n            \n                            <\/a>\n            \n            \n            \n            \n                    <\/div>\n\n    <\/div>\n\n    \n    \n            <a href=\"https:\/\/oceanscreekmauritius.com\/restaurants-bars\/\" class=\"c-cta__detached-anchor\"><\/a>\n    \n<\/div>\n\n<\/div><\/div><\/div><div id=\"pgc-2231-4-1\"  class=\"panel-grid-cell\" ><div id=\"panel-2231-4-1-0\" class=\"so-panel widget widget_cn-core-cta-widget panel-first-child panel-last-child\" data-index=\"7\" ><div\n\t\t\t\n\t\t\tclass=\"so-widget-cn-core-cta-widget so-widget-cn-core-cta-widget-base\"\n\t\t\t\n\t\t><div class=\"c-cta no-layout no-variation\">\n\n    <div class=\"c-cta__content\">\n\n        <div class=\"c-cta__inner\">\n\n                            <a href=\"https:\/\/oceanscreekmauritius.com\/wellness-spa\/\" class=\"c-cta__anchor\">\n            \n            \n                          <div class=\"crop\">\n                <div data-src=\"https:\/\/hotelcms-production.imgix.net\/oceanscreekmauritius.com\/wp-content\/uploads\/2023\/07\/35-OC47-scaled.jpg\" data-crop=\"\" class=\"imgix-fluid  c-image c-cta__image\"><\/div><noscript><div style=\"background-image: url(https:\/\/hotelcms-production.imgix.net\/oceanscreekmauritius.com\/wp-content\/uploads\/2023\/07\/35-OC47-scaled.jpg);\" class=\"c-image c-cta__image\" ><\/div><\/noscript>              <\/div>\n            \n            \n                <div class=\"c-cta__headings\">\n\n                                    <p class=\"c-cta__preheading\">\n                        Shanti Wellness                    <\/p>\n                \n                                    <h2 class=\"c-cta__heading\">\n                        Harmony to the mind, body and soul                    <\/h2>\n                \n                \n                <\/div>\n\n            \n            \n                            <\/a>\n            \n            \n            \n            \n                    <\/div>\n\n    <\/div>\n\n    \n    \n            <a href=\"https:\/\/oceanscreekmauritius.com\/wellness-spa\/\" class=\"c-cta__detached-anchor\"><\/a>\n    \n<\/div>\n\n<\/div><\/div><\/div><div id=\"pgc-2231-4-2\"  class=\"panel-grid-cell\" ><div id=\"panel-2231-4-2-0\" class=\"so-panel widget widget_cn-core-cta-widget panel-first-child panel-last-child\" data-index=\"8\" ><div\n\t\t\t\n\t\t\tclass=\"so-widget-cn-core-cta-widget so-widget-cn-core-cta-widget-base\"\n\t\t\t\n\t\t><div class=\"c-cta no-layout no-variation\">\n\n    <div class=\"c-cta__content\">\n\n        <div class=\"c-cta__inner\">\n\n                            <a href=\"https:\/\/oceanscreekmauritius.com\/leisure-activities\/\" class=\"c-cta__anchor\">\n            \n            \n                          <div class=\"crop\">\n                <div data-src=\"https:\/\/hotelcms-production.imgix.net\/oceanscreekmauritius.com\/wp-content\/uploads\/2023\/11\/DSC_7209-scaled.jpg\" data-crop=\"centre\" class=\"imgix-fluid  c-image c-cta__image\"><\/div><noscript><div style=\"background-image: url(https:\/\/hotelcms-production.imgix.net\/oceanscreekmauritius.com\/wp-content\/uploads\/2023\/11\/DSC_7209-scaled.jpg);\" class=\"c-image c-cta__image\" ><\/div><\/noscript>              <\/div>\n            \n            \n                <div class=\"c-cta__headings\">\n\n                                    <p class=\"c-cta__preheading\">\n                        Entertainment                    <\/p>\n                \n                                    <h2 class=\"c-cta__heading\">\n                        Fun &amp; More                    <\/h2>\n                \n                \n                <\/div>\n\n            \n            \n                            <\/a>\n            \n            \n            \n            \n                    <\/div>\n\n    <\/div>\n\n    \n    \n            <a href=\"https:\/\/oceanscreekmauritius.com\/leisure-activities\/\" class=\"c-cta__detached-anchor\"><\/a>\n    \n<\/div>\n\n<\/div><\/div><\/div><\/div><\/div><div id=\"pg-2231-5\"  class=\"panel-grid panel-has-style\" ><div class=\"c-row--valign-default c-row--widget-spacing c-row--margin-none c-row--column-default siteorigin-panels-stretch panel-row-style panel-row-style-for-2231-5\" data-stretch-type=\"full-stretched\" ><div id=\"pgc-2231-5-0\"  class=\"panel-grid-cell\" ><div id=\"panel-2231-5-0-0\" class=\"so-panel widget widget_cn-core-cta-widget panel-first-child panel-last-child\" data-index=\"9\" ><div\n\t\t\t\n\t\t\tclass=\"so-widget-cn-core-cta-widget so-widget-cn-core-cta-widget-base\"\n\t\t\t\n\t\t><div class=\"c-cta c-cta--layout-breaker no-variation has-background\">\n\n    <div class=\"c-cta__content\">\n\n        <div class=\"c-cta__inner\">\n\n                            <a href=\"https:\/\/oceanscreekmauritius.com\/accommodation\/\" class=\"c-cta__anchor\">\n            \n            \n            \n            \n                <div class=\"c-cta__headings\">\n\n                                    <p class=\"c-cta__preheading\">\n                        S\u00e9jour \u00e0 l'h\u00f4tel Ocean's Creek Beach Mauritius                    <\/p>\n                \n                                    <h2 class=\"c-cta__heading\">\n                        Voir nos logements                    <\/h2>\n                \n                \n                <\/div>\n\n            \n            \n                            <\/a>\n            \n                            <div class=\"c-cta__text \/ s-entry\">\n                    <p>Des saveurs indulgentes. Des activit\u00e9s exceptionnelles et une passerelle inoubliable. Si vous \u00eates \u00e0 la recherche d'un s\u00e9jour amusant, piquant et vibrant, il n'y a pas de temps \u00e0 perdre.<\/p>\n                <\/div>\n            \n            \n                            <div class=\"c-cta__buttons\">\n                    <a  class=\"c-button button \/ c-cta__button  c-button--conversion\" href=\"https:\/\/oceanscreekmauritius.com\/accommodation\/\">\n    View all accommodation<\/a>\n\n\n                <\/div>\n            \n                    <\/div>\n\n    <\/div>\n\n    \n            <div data-src=\"https:\/\/hotelcms-production.imgix.net\/oceanscreekmauritius.com\/wp-content\/uploads\/2023\/07\/5-OC7-scaled.jpg\" data-crop=\"\" class=\"imgix-fluid  crop \/ c-background c-cta__background\"><\/div><noscript><div style=\"background-image: url(https:\/\/hotelcms-production.imgix.net\/oceanscreekmauritius.com\/wp-content\/uploads\/2023\/07\/5-OC7-scaled.jpg);\" class=\"crop \/ c-background c-cta__background\" ><\/div><\/noscript>    \n            <a href=\"https:\/\/oceanscreekmauritius.com\/accommodation\/\" class=\"c-cta__detached-anchor\" href=\"https:\/\/oceanscreekmauritius.com\/accommodation\/\"><\/a>\n    \n<\/div>\n\n<\/div><\/div><\/div><\/div><\/div><\/div>","protected":false},"excerpt":{"rendered":"<p>Studios dans notre h\u00f4tel de plage \u00e0 l&rsquo;\u00eele Maurice Moderne et sophistiqu\u00e9 Chambres et suites avec kitchenette Book now Nos chambres avec kitchenette repr\u00e9sentent la solution ultime pour les clients qui s\u00e9journent plus longtemps, offrant ce qu&rsquo;il y a de mieux aux familles et aux voyageurs d&rsquo;affaires. Ces chambres et suites Studio r\u00e9pondent aux besoins &hellip;<\/p>\n","protected":false},"author":1,"featured_media":0,"parent":2167,"menu_order":2,"comment_status":"closed","ping_status":"closed","template":"","meta":{"_acf_changed":false,"footnotes":""},"class_list":["post--2231","post--page","post--type-page","post--status-publish","post--hentry"],"acf":[],"_links":{"self":[{"href":"https:\/\/oceanscreekmauritius.com\/fr\/wp-json\/wp\/v2\/pages\/2231","targetHints":{"allow":["GET"]}}],"collection":[{"href":"https:\/\/oceanscreekmauritius.com\/fr\/wp-json\/wp\/v2\/pages"}],"about":[{"href":"https:\/\/oceanscreekmauritius.com\/fr\/wp-json\/wp\/v2\/types\/page"}],"author":[{"embeddable":true,"href":"https:\/\/oceanscreekmauritius.com\/fr\/wp-json\/wp\/v2\/users\/1"}],"replies":[{"embeddable":true,"href":"https:\/\/oceanscreekmauritius.com\/fr\/wp-json\/wp\/v2\/comments?post=2231"}],"version-history":[{"count":1,"href":"https:\/\/oceanscreekmauritius.com\/fr\/wp-json\/wp\/v2\/pages\/2231\/revisions"}],"predecessor-version":[{"id":2232,"href":"https:\/\/oceanscreekmauritius.com\/fr\/wp-json\/wp\/v2\/pages\/2231\/revisions\/2232"}],"up":[{"embeddable":true,"href":"https:\/\/oceanscreekmauritius.com\/fr\/wp-json\/wp\/v2\/pages\/2167"}],"wp:attachment":[{"href":"https:\/\/oceanscreekmauritius.com\/fr\/wp-json\/wp\/v2\/media?parent=2231"}],"curies":[{"name":"wp","href":"https:\/\/api.w.org\/{rel}","templated":true}]}}