{"id":2240,"date":"2023-06-07T14:41:14","date_gmt":"2023-06-07T13:41:14","guid":{"rendered":"https:\/\/oceanscreekmauritius.com\/experiences\/"},"modified":"2024-06-03T18:02:15","modified_gmt":"2024-06-03T17:02:15","slug":"experiences","status":"publish","type":"page","link":"https:\/\/oceanscreekmauritius.com\/fr\/experiences\/","title":{"rendered":"Experiences"},"content":{"rendered":"<div id=\"pl-2240\"  class=\"panel-layout\" ><div id=\"pg-2240-0\"  class=\"panel-grid panel-has-style\" ><div class=\"c-row--valign-default c-row--widget-default c-row--margin-none c-row--column-none siteorigin-panels-stretch panel-row-style panel-row-style-for-2240-0\" data-stretch-type=\"full-stretched\" ><div id=\"pgc-2240-0-0\"  class=\"panel-grid-cell\" ><div id=\"panel-2240-0-0-0\" class=\"so-panel widget widget_cn-core-hero-widget panel-first-child panel-last-child\" data-index=\"0\" ><div\n\t\t\t\n\t\t\tclass=\"so-widget-cn-core-hero-widget so-widget-cn-core-hero-widget-base\"\n\t\t\t\n\t\t><section class=\"c-hero c-hero--short\">\n    <div class=\"c-hero__inner\">\n        \n        <div class=\"c-hero__content\">\n\n                            <h1 class=\"c-hero__heading\">\n                    Choses \u00e0 faire pendant vos vacances \u00e0 l'\u00eele Maurice                <\/h1>\n            \n                            <p class=\"c-hero__subheading\">\n                    D\u00e9couvrez la vibrante \u00eele Maurice                <\/p>\n                            <div class=\"s-entry \/ c-hero__text\">\n                    <p>\n                        D\u00e9couvrez toutes les couleurs de l'\u00eele Maurice \u00e0 Ocean's Creek                    <\/p>\n                <\/div>\n                    <\/div>\n\n        \n    <\/div>\n\n\n\n    \n    \n    <div data-src=\"https:\/\/hotelcms-production.imgix.net\/oceanscreekmauritius.com\/wp-content\/uploads\/2023\/12\/MTPA-CULTURE-GANGA-TALAO-005-scaled.jpg\" data-crop=\"\" class=\"imgix-fluid  crop \/ c-hero__background\"><\/div><noscript><div style=\"background-image: url(https:\/\/hotelcms-production.imgix.net\/oceanscreekmauritius.com\/wp-content\/uploads\/2023\/12\/MTPA-CULTURE-GANGA-TALAO-005-scaled.jpg);\" class=\"crop \/ c-hero__background\" ><\/div><\/noscript>\n    \n            <a href=\"#main-content\" class=\"c-hero__scroller\" data-module=\"scroll-to\">\n            <span class=\"c-hero__scroller__text\">Scroll to explore<\/span>\n            <span class=\"c-hero__scroller__arrow\"><\/span>\n        <\/a>\n    <\/section>\n<\/div><\/div><\/div><\/div><\/div><div id=\"pg-2240-1\"  class=\"panel-grid panel-has-style\" ><div class=\"c-row--valign-default c-row--widget-default c-row--margin-none c-row--column-default panel-row-style panel-row-style-for-2240-1\" ><div id=\"pgc-2240-1-0\"  class=\"panel-grid-cell\" ><div id=\"panel-2240-1-0-0\" class=\"so-panel widget widget_cn-core-cta-widget panel-first-child panel-last-child\" data-index=\"1\" ><div\n\t\t\t\n\t\t\tclass=\"so-widget-cn-core-cta-widget so-widget-cn-core-cta-widget-base\"\n\t\t\t\n\t\t><div class=\"c-cta no-layout c-cta--lead\">\n\n    <div class=\"c-cta__content\">\n\n        <div class=\"c-cta__inner\">\n\n            \n            \n            \n            \n            \n            \n                            <div class=\"c-cta__text \/ s-entry\">\n                    <p class=\"p1\">Plongez dans la culture de l'\u00eele Maurice. L'\u00eele offre bien plus que le soleil, la mer et le sable. Explorez les parcs nationaux en faisant des randonn\u00e9es revigorantes et de l'escalade, ou plongez dans l'atmosph\u00e8re vibrante des march\u00e9s en plein air. Des interactions authentiques et des exp\u00e9riences enrichissantes vous attendent.<\/p>\n                <\/div>\n            \n            \n            \n                    <\/div>\n\n    <\/div>\n\n    \n    \n    \n<\/div>\n\n<\/div><\/div><\/div><\/div><\/div><div id=\"pg-2240-2\"  class=\"panel-grid panel-has-style\" ><div class=\"c-row--valign-middle c-row--widget-default c-row--margin-small c-row--column-large siteorigin-panels-stretch panel-row-style panel-row-style-for-2240-2\" data-stretch-type=\"full-stretched\" ><div id=\"pgc-2240-2-0\"  class=\"panel-grid-cell\" ><div id=\"panel-2240-2-0-0\" class=\"so-panel widget widget_cn-core-image-slider-widget panel-first-child panel-last-child\" data-index=\"2\" ><div\n\t\t\t\n\t\t\tclass=\"so-widget-cn-core-image-slider-widget so-widget-cn-core-image-slider-widget-base\"\n\t\t\t\n\t\t><div class=\"c-slider-wrapper c-slider--short c-slider--short\">\n\n    \n    \n    <div\n        id=\"slider-69df36dfcc0d5\"\n        class=\"c-slider c-slider--image c-slider--set-height js-flickity\"\n                    data-flickity-options='{\"pageDots\":true,\"prevNextButtons\":true,\"cellAlign\":\"center\",\"contain\":false,\"wrapAround\":true,\"imagesLoaded\":true,\"setGallerySize\":false,\"adaptiveHeight\":false,\"autoPlay\":3500,\"friction\":0.28,\"pauseAutoPlayOnHover\":false,\"rightToLeft\":false,\"groupCells\":false}'\n            >\n                    <div\n                class=\"c-slider__cell  js-flickity-cell\"\n                id=\"image-cell-0\"\n            >\n                \n<div class=\"c-image-container  no-variation\">\n    \n    <figure class=\"crop\">\n                    <div data-src=\"https:\/\/hotelcms-production.imgix.net\/oceanscreekmauritius.com\/wp-content\/uploads\/2023\/12\/MTPA-CULTURE-SEGA-ON-THE-BEACH-001-scaled.jpg\" data-crop=\"\" class=\"imgix-fluid  c-image\"><\/div><noscript><div style=\"background-image: url(https:\/\/hotelcms-production.imgix.net\/oceanscreekmauritius.com\/wp-content\/uploads\/2023\/12\/MTPA-CULTURE-SEGA-ON-THE-BEACH-001-scaled.jpg);\" class=\"c-image\" ><\/div><\/noscript>            <\/figure>\n\n    <\/div>\n            <\/div>\n                    <div\n                class=\"c-slider__cell  js-flickity-cell\"\n                id=\"image-cell-1\"\n            >\n                \n<div class=\"c-image-container  no-variation\">\n    \n    <figure class=\"crop\">\n                    <div data-src=\"https:\/\/hotelcms-production.imgix.net\/oceanscreekmauritius.com\/wp-content\/uploads\/2023\/12\/MTPA-CULTURE-016-scaled.jpg\" data-crop=\"\" class=\"imgix-fluid  c-image\"><\/div><noscript><div style=\"background-image: url(https:\/\/hotelcms-production.imgix.net\/oceanscreekmauritius.com\/wp-content\/uploads\/2023\/12\/MTPA-CULTURE-016-scaled.jpg);\" class=\"c-image\" ><\/div><\/noscript>            <\/figure>\n\n    <\/div>\n            <\/div>\n                    <div\n                class=\"c-slider__cell  js-flickity-cell\"\n                id=\"image-cell-2\"\n            >\n                \n<div class=\"c-image-container  no-variation\">\n    \n    <figure class=\"crop\">\n                    <div data-src=\"https:\/\/hotelcms-production.imgix.net\/oceanscreekmauritius.com\/wp-content\/uploads\/2023\/12\/MTPA-CULTURE-SEGA-DANCER-002-scaled.jpg\" data-crop=\"\" class=\"imgix-fluid  c-image\"><\/div><noscript><div style=\"background-image: url(https:\/\/hotelcms-production.imgix.net\/oceanscreekmauritius.com\/wp-content\/uploads\/2023\/12\/MTPA-CULTURE-SEGA-DANCER-002-scaled.jpg);\" class=\"c-image\" ><\/div><\/noscript>            <\/figure>\n\n    <\/div>\n            <\/div>\n            <\/div>\n\n    <\/div><\/div><\/div><\/div><div id=\"pgc-2240-2-1\"  class=\"panel-grid-cell\" ><div id=\"panel-2240-2-1-0\" class=\"so-panel widget widget_cn-core-cta-widget panel-first-child panel-last-child\" data-index=\"3\" ><div\n\t\t\t\n\t\t\tclass=\"so-widget-cn-core-cta-widget so-widget-cn-core-cta-widget-base\"\n\t\t\t\n\t\t><div class=\"c-cta no-layout c-cta--extra\">\n\n    <div class=\"c-cta__content\">\n\n        <div class=\"c-cta__inner\">\n\n                            <a href=\"https:\/\/oceanscreekmauritius.com\/experiences\/cultural\/\" class=\"c-cta__anchor\">\n            \n            \n            \n            \n                <div class=\"c-cta__headings\">\n\n                \n                                    <h2 class=\"c-cta__heading\">\n                        Culturel                    <\/h2>\n                \n                \n                <\/div>\n\n            \n            \n                            <\/a>\n            \n                            <div class=\"c-cta__text \/ s-entry\">\n                    <p>L'\u00eele Maurice est un creuset de cultures. Souvent surnomm\u00e9e la \u00ab nation arc-en-ciel \u00bb, la culture diversifi\u00e9e de l'\u00eele a \u00e9t\u00e9 influenc\u00e9e par des descendants africains, europ\u00e9ens et asiatiques.<\/p>\n                <\/div>\n            \n            \n                            <div class=\"c-cta__buttons\">\n                    <a  class=\"c-button button \/ c-cta__button  c-button--arrow\" href=\"https:\/\/oceanscreekmauritius.com\/experiences\/cultural\/\">\n    Find out more<\/a>\n\n\n                <\/div>\n            \n                    <\/div>\n\n    <\/div>\n\n    \n    \n            <a href=\"https:\/\/oceanscreekmauritius.com\/experiences\/cultural\/\" class=\"c-cta__detached-anchor\" href=\"https:\/\/oceanscreekmauritius.com\/experiences\/cultural\/\"><\/a>\n    \n<\/div>\n\n<\/div><\/div><\/div><\/div><\/div><div id=\"pg-2240-3\"  class=\"panel-grid panel-has-style\" ><div class=\"c-row--valign-middle c-row--widget-default c-row--margin-small c-row--column-large siteorigin-panels-stretch panel-row-style panel-row-style-for-2240-3\" data-stretch-type=\"full-stretched\" ><div id=\"pgc-2240-3-0\"  class=\"panel-grid-cell\" ><div id=\"panel-2240-3-0-0\" class=\"so-panel widget widget_cn-core-cta-widget panel-first-child panel-last-child\" data-index=\"4\" ><div\n\t\t\t\n\t\t\tclass=\"so-widget-cn-core-cta-widget so-widget-cn-core-cta-widget-base\"\n\t\t\t\n\t\t><div class=\"c-cta no-layout c-cta--extra\">\n\n    <div class=\"c-cta__content\">\n\n        <div class=\"c-cta__inner\">\n\n                            <a href=\"https:\/\/oceanscreekmauritius.com\/experiences\/active\/\" class=\"c-cta__anchor\">\n            \n            \n            \n            \n                <div class=\"c-cta__headings\">\n\n                \n                                    <h2 class=\"c-cta__heading\">\n                        Active                    <\/h2>\n                \n                \n                <\/div>\n\n            \n            \n                            <\/a>\n            \n                            <div class=\"c-cta__text \/ s-entry\">\n                    <p>L'aventure vous attend \u00e0 l'\u00eele Maurice. Partez en randonn\u00e9e sur le Morne Brabant ou traversez de superbes parcs nationaux. Faites de la tyrolienne au-dessus d'une vall\u00e9e \u00e9meraude, du quad dans une for\u00eat et nagez dans le bassin d'une chute d'eau. <\/p>\n<p>Pour les amateurs d'aventure, l'\u00eele Maurice vous attend. Si vous n'avez pas envie de quitter l'h\u00f4tel, Ocean's Creek propose suffisamment d'activit\u00e9s pour vous occuper pendant vos vacances, des toboggans aquatiques g\u00e9ants \u00e0 l'escalade ou simplement une course matinale le long de la plage du Goulet.<\/p>\n                <\/div>\n            \n            \n                            <div class=\"c-cta__buttons\">\n                    <a  class=\"c-button button \/ c-cta__button  c-button--arrow\" href=\"https:\/\/oceanscreekmauritius.com\/experiences\/active\/\">\n    Find out more<\/a>\n\n\n                <\/div>\n            \n                    <\/div>\n\n    <\/div>\n\n    \n    \n            <a href=\"https:\/\/oceanscreekmauritius.com\/experiences\/active\/\" class=\"c-cta__detached-anchor\" href=\"https:\/\/oceanscreekmauritius.com\/experiences\/active\/\"><\/a>\n    \n<\/div>\n\n<\/div><\/div><\/div><div id=\"pgc-2240-3-1\"  class=\"panel-grid-cell\" ><div id=\"panel-2240-3-1-0\" class=\"so-panel widget widget_cn-core-image-slider-widget panel-first-child panel-last-child\" data-index=\"5\" ><div\n\t\t\t\n\t\t\tclass=\"so-widget-cn-core-image-slider-widget so-widget-cn-core-image-slider-widget-base\"\n\t\t\t\n\t\t><div class=\"c-slider-wrapper c-slider--short c-slider--short\">\n\n    \n    \n    <div\n        id=\"slider-69df36dfd8a6b\"\n        class=\"c-slider c-slider--image c-slider--set-height js-flickity\"\n                    data-flickity-options='{\"pageDots\":false,\"prevNextButtons\":false,\"cellAlign\":\"center\",\"contain\":false,\"wrapAround\":true,\"imagesLoaded\":true,\"setGallerySize\":false,\"adaptiveHeight\":false,\"autoPlay\":3500,\"friction\":0.28,\"pauseAutoPlayOnHover\":false,\"rightToLeft\":false,\"groupCells\":false}'\n            >\n                    <div\n                class=\"c-slider__cell  js-flickity-cell\"\n                id=\"image-cell-0\"\n            >\n                \n<div class=\"c-image-container  no-variation\">\n    \n    <figure class=\"crop\">\n                    <div data-src=\"https:\/\/hotelcms-production.imgix.net\/oceanscreekmauritius.com\/wp-content\/uploads\/2023\/12\/MTPA-ACTIVITIES-HIKING-PIETER-BOTH-018-scaled.jpg\" data-crop=\"centre\" class=\"imgix-fluid  c-image\"><\/div><noscript><div style=\"background-image: url(https:\/\/hotelcms-production.imgix.net\/oceanscreekmauritius.com\/wp-content\/uploads\/2023\/12\/MTPA-ACTIVITIES-HIKING-PIETER-BOTH-018-scaled.jpg);\" class=\"c-image\" ><\/div><\/noscript>            <\/figure>\n\n    <\/div>\n            <\/div>\n            <\/div>\n\n    <\/div><\/div><\/div><\/div><\/div><\/div><div id=\"pg-2240-4\"  class=\"panel-grid panel-has-style\" ><div class=\"c-row--valign-middle c-row--widget-default c-row--margin-small c-row--column-large siteorigin-panels-stretch panel-row-style panel-row-style-for-2240-4\" data-stretch-type=\"full-stretched\" ><div id=\"pgc-2240-4-0\"  class=\"panel-grid-cell\" ><div id=\"panel-2240-4-0-0\" class=\"so-panel widget widget_cn-core-image-slider-widget panel-first-child panel-last-child\" data-index=\"6\" ><div\n\t\t\t\n\t\t\tclass=\"so-widget-cn-core-image-slider-widget so-widget-cn-core-image-slider-widget-base\"\n\t\t\t\n\t\t><div class=\"c-slider-wrapper c-slider--short c-slider--short\">\n\n    \n    \n    <div\n        id=\"slider-69df36dfdbb2e\"\n        class=\"c-slider c-slider--image c-slider--set-height js-flickity\"\n                    data-flickity-options='{\"pageDots\":false,\"prevNextButtons\":false,\"cellAlign\":\"center\",\"contain\":false,\"wrapAround\":true,\"imagesLoaded\":true,\"setGallerySize\":false,\"adaptiveHeight\":false,\"autoPlay\":3500,\"friction\":0.28,\"pauseAutoPlayOnHover\":false,\"rightToLeft\":false,\"groupCells\":false}'\n            >\n                    <div\n                class=\"c-slider__cell  js-flickity-cell\"\n                id=\"image-cell-0\"\n            >\n                \n<div class=\"c-image-container  no-variation\">\n    \n    <figure class=\"crop\">\n                    <div data-src=\"https:\/\/hotelcms-production.imgix.net\/oceanscreekmauritius.com\/wp-content\/uploads\/2023\/12\/MTPA-FAMILY-KIDS-001-scaled.jpg\" data-crop=\"\" class=\"imgix-fluid  c-image\"><\/div><noscript><div style=\"background-image: url(https:\/\/hotelcms-production.imgix.net\/oceanscreekmauritius.com\/wp-content\/uploads\/2023\/12\/MTPA-FAMILY-KIDS-001-scaled.jpg);\" class=\"c-image\" ><\/div><\/noscript>            <\/figure>\n\n    <\/div>\n            <\/div>\n            <\/div>\n\n    <\/div><\/div><\/div><\/div><div id=\"pgc-2240-4-1\"  class=\"panel-grid-cell\" ><div id=\"panel-2240-4-1-0\" class=\"so-panel widget widget_cn-core-cta-widget panel-first-child panel-last-child\" data-index=\"7\" ><div\n\t\t\t\n\t\t\tclass=\"so-widget-cn-core-cta-widget so-widget-cn-core-cta-widget-base\"\n\t\t\t\n\t\t><div class=\"c-cta no-layout c-cta--extra\">\n\n    <div class=\"c-cta__content\">\n\n        <div class=\"c-cta__inner\">\n\n                            <a href=\"https:\/\/oceanscreekmauritius.com\/experiences\/families\/\" class=\"c-cta__anchor\">\n            \n            \n            \n            \n                <div class=\"c-cta__headings\">\n\n                \n                                    <h2 class=\"c-cta__heading\">\n                        Families                    <\/h2>\n                \n                \n                <\/div>\n\n            \n            \n                            <\/a>\n            \n                            <div class=\"c-cta__text \/ s-entry\">\n                    <p>Ocean's Creek est la destination id\u00e9ale pour les familles. Des chambres familiales aux suites avec une deuxi\u00e8me chambre pour les enfants, en passant par un v\u00e9ritable club pour enfants, l'h\u00f4tel propose de nombreuses activit\u00e9s pour occuper les petits et les grands tout au long de leurs vacances.<\/p>\n                <\/div>\n            \n            \n                            <div class=\"c-cta__buttons\">\n                    <a  class=\"c-button button \/ c-cta__button  c-button--arrow\" href=\"https:\/\/oceanscreekmauritius.com\/experiences\/families\/\">\n    Find out more<\/a>\n\n\n                <\/div>\n            \n                    <\/div>\n\n    <\/div>\n\n    \n    \n            <a href=\"https:\/\/oceanscreekmauritius.com\/experiences\/families\/\" class=\"c-cta__detached-anchor\" href=\"https:\/\/oceanscreekmauritius.com\/experiences\/families\/\"><\/a>\n    \n<\/div>\n\n<\/div><\/div><\/div><\/div><\/div><div id=\"pg-2240-5\"  class=\"panel-grid panel-has-style\" ><div class=\"c-row--valign-middle c-row--widget-default c-row--margin-large c-row--column-large siteorigin-panels-stretch panel-row-style panel-row-style-for-2240-5\" data-stretch-type=\"full-stretched\" ><div id=\"pgc-2240-5-0\"  class=\"panel-grid-cell\" ><div id=\"panel-2240-5-0-0\" class=\"so-panel widget widget_cn-core-cta-widget panel-first-child panel-last-child\" data-index=\"8\" ><div\n\t\t\t\n\t\t\tclass=\"so-widget-cn-core-cta-widget so-widget-cn-core-cta-widget-base\"\n\t\t\t\n\t\t><div class=\"c-cta no-layout c-cta--extra\">\n\n    <div class=\"c-cta__content\">\n\n        <div class=\"c-cta__inner\">\n\n                            <a href=\"https:\/\/oceanscreekmauritius.com\/experiences\/itinerary\/\" class=\"c-cta__anchor\">\n            \n            \n            \n            \n                <div class=\"c-cta__headings\">\n\n                \n                                    <h2 class=\"c-cta__heading\">\n                        Itin\u00e9raire                    <\/h2>\n                \n                \n                <\/div>\n\n            \n            \n                            <\/a>\n            \n                            <div class=\"c-cta__text \/ s-entry\">\n                    <p>D\u00e9couvrez le nord avec les march\u00e9s de Port Louis, le jardin botanique ou une excursion dans les \u00eeles du nord. Partez \u00e0 l'aventure dans le sud sauvage, explorez les plages immacul\u00e9es de la c\u00f4te est, aventurez-vous hors des sentiers battus de la randonn\u00e9e sur l'\u00eele, ou nagez avec les dauphins dans l'ouest. L'\u00eele Maurice a beaucoup \u00e0 offrir.<\/p>\n                <\/div>\n            \n            \n                            <div class=\"c-cta__buttons\">\n                    <a  class=\"c-button button \/ c-cta__button  c-button--arrow\" href=\"https:\/\/oceanscreekmauritius.com\/experiences\/itinerary\/\">\n    Find out more<\/a>\n\n\n                <\/div>\n            \n                    <\/div>\n\n    <\/div>\n\n    \n    \n            <a href=\"https:\/\/oceanscreekmauritius.com\/experiences\/itinerary\/\" class=\"c-cta__detached-anchor\" href=\"https:\/\/oceanscreekmauritius.com\/experiences\/itinerary\/\"><\/a>\n    \n<\/div>\n\n<\/div><\/div><\/div><div id=\"pgc-2240-5-1\"  class=\"panel-grid-cell\" ><div id=\"panel-2240-5-1-0\" class=\"so-panel widget widget_cn-core-image-slider-widget panel-first-child panel-last-child\" data-index=\"9\" ><div\n\t\t\t\n\t\t\tclass=\"so-widget-cn-core-image-slider-widget so-widget-cn-core-image-slider-widget-base\"\n\t\t\t\n\t\t><div class=\"c-slider-wrapper c-slider--short c-slider--short\">\n\n    \n    \n    <div\n        id=\"slider-69df36dfe1039\"\n        class=\"c-slider c-slider--image c-slider--set-height js-flickity\"\n                    data-flickity-options='{\"pageDots\":false,\"prevNextButtons\":false,\"cellAlign\":\"center\",\"contain\":false,\"wrapAround\":true,\"imagesLoaded\":true,\"setGallerySize\":false,\"adaptiveHeight\":false,\"autoPlay\":3500,\"friction\":0.28,\"pauseAutoPlayOnHover\":false,\"rightToLeft\":false,\"groupCells\":false}'\n            >\n                    <div\n                class=\"c-slider__cell  js-flickity-cell\"\n                id=\"image-cell-0\"\n            >\n                \n<div class=\"c-image-container  no-variation\">\n    \n    <figure class=\"crop\">\n                    <div data-src=\"https:\/\/hotelcms-production.imgix.net\/oceanscreekmauritius.com\/wp-content\/uploads\/2023\/12\/MTPA-SCENERIES-NATURE-BLACK-RIVER-GORGES-009-scaled.jpg\" data-crop=\"\" class=\"imgix-fluid  c-image\" data-caption=\"A wild, romantic and idyllic landscape on the tropical island of Mauritius at sunset\"><\/div><noscript><div style=\"background-image: url(https:\/\/hotelcms-production.imgix.net\/oceanscreekmauritius.com\/wp-content\/uploads\/2023\/12\/MTPA-SCENERIES-NATURE-BLACK-RIVER-GORGES-009-scaled.jpg);\" class=\"c-image\" ><\/div><\/noscript>            <\/figure>\n\n    <\/div>\n            <\/div>\n            <\/div>\n\n    <\/div><\/div><\/div><\/div><\/div><\/div><div id=\"pg-2240-6\"  class=\"panel-grid panel-has-style\" ><div class=\"c-row--valign-default c-row--widget-spacing c-row--margin-none c-row--column-default siteorigin-panels-stretch panel-row-style panel-row-style-for-2240-6\" data-stretch-type=\"full-stretched\" ><div id=\"pgc-2240-6-0\"  class=\"panel-grid-cell\" ><div id=\"panel-2240-6-0-0\" class=\"so-panel widget widget_cn-core-cta-widget panel-first-child panel-last-child\" data-index=\"10\" ><div\n\t\t\t\n\t\t\tclass=\"so-widget-cn-core-cta-widget so-widget-cn-core-cta-widget-base\"\n\t\t\t\n\t\t><div class=\"c-cta c-cta--layout-breaker no-variation has-background\">\n\n    <div class=\"c-cta__content\">\n\n        <div class=\"c-cta__inner\">\n\n            \n            \n            \n            \n                <div class=\"c-cta__headings\">\n\n                                    <p class=\"c-cta__preheading\">\n                        Experience Ocean's Creek                    <\/p>\n                \n                                    <h2 class=\"c-cta__heading\">\n                        You are exactly where you are meant to be!                    <\/h2>\n                \n                \n                <\/div>\n\n            \n            \n            \n                            <div class=\"c-cta__text \/ s-entry\">\n                    <div class=\"flex-1 overflow-hidden\">\n<div class=\"react-scroll-to-bottom--css-qivfi-79elbk h-full\">\n<div class=\"react-scroll-to-bottom--css-qivfi-1n7m0yu\">\n<div class=\"flex flex-col pb-9 text-sm\">\n<div class=\"w-full text-token-text-primary\" data-testid=\"conversation-turn-11\">\n<div class=\"px-4 py-2 justify-center text-base md:gap-6 m-auto\">\n<div class=\"flex flex-1 text-base mx-auto gap-3 md:px-5 lg:px-1 xl:px-5 md:max-w-3xl lg:max-w-[40rem] xl:max-w-[48rem] group final-completion\">\n<div class=\"relative flex w-full flex-col lg:w-[calc(100%-115px)] agent-turn\">\n<div class=\"flex-col gap-1 md:gap-3\">\n<div class=\"flex flex-grow flex-col max-w-full\">\n<div class=\"min-h-[20px] text-message flex flex-col items-start gap-3 whitespace-pre-wrap break-words [.text-message+&amp;]:mt-5 overflow-x-auto\" data-message-author-role=\"assistant\" data-message-id=\"a727edcd-1fec-43c1-afa2-34cbc07ef62a\">\n<div class=\"markdown prose w-full break-words dark:prose-invert light\">\n<p>Give in to your wanderlust and expect the unexpected at Ocean's Creek. And what's more, if you book directly on our website, you can take advantage of our most popular rates and, subject to availability, complimentary early check-in and late check-out.<\/p>\n<\/div>\n<\/div>\n<\/div>\n<\/div>\n<\/div>\n<\/div>\n<\/div>\n<\/div>\n<\/div>\n<\/div>\n<\/div>\n<\/div>\n                <\/div>\n            \n            \n                            <div class=\"c-cta__buttons\">\n                    \n<a role=\"button\" class=\"c-button button \/ c-cta__button  namastay-widget-button c-button--conversion\"\n    >\n    Book now<\/a>                <\/div>\n            \n                    <\/div>\n\n    <\/div>\n\n    \n            <div data-src=\"https:\/\/hotelcms-production.imgix.net\/oceanscreekmauritius.com\/wp-content\/uploads\/2024\/01\/2-OC3-scaled.jpg\" data-crop=\"centre\" class=\"imgix-fluid  crop \/ c-background c-cta__background\"><\/div><noscript><div style=\"background-image: url(https:\/\/hotelcms-production.imgix.net\/oceanscreekmauritius.com\/wp-content\/uploads\/2024\/01\/2-OC3-scaled.jpg);\" class=\"crop \/ c-background c-cta__background\" ><\/div><\/noscript>    \n    \n<\/div>\n\n<\/div><\/div><\/div><\/div><\/div><\/div>","protected":false},"excerpt":{"rendered":"<p>Choses \u00e0 faire pendant vos vacances \u00e0 l&rsquo;\u00eele Maurice D\u00e9couvrez la vibrante \u00eele Maurice D\u00e9couvrez toutes les couleurs de l&rsquo;\u00eele Maurice \u00e0 Ocean&rsquo;s Creek Scroll to explore Plongez dans la culture de l&rsquo;\u00eele Maurice. L&rsquo;\u00eele offre bien plus que le soleil, la mer et le sable. Explorez les parcs nationaux en faisant des randonn\u00e9es revigorantes &hellip;<\/p>\n","protected":false},"author":1,"featured_media":0,"parent":0,"menu_order":6,"comment_status":"closed","ping_status":"closed","template":"","meta":{"_acf_changed":false,"footnotes":""},"class_list":["post--2240","post--page","post--type-page","post--status-publish","post--hentry"],"acf":[],"_links":{"self":[{"href":"https:\/\/oceanscreekmauritius.com\/fr\/wp-json\/wp\/v2\/pages\/2240","targetHints":{"allow":["GET"]}}],"collection":[{"href":"https:\/\/oceanscreekmauritius.com\/fr\/wp-json\/wp\/v2\/pages"}],"about":[{"href":"https:\/\/oceanscreekmauritius.com\/fr\/wp-json\/wp\/v2\/types\/page"}],"author":[{"embeddable":true,"href":"https:\/\/oceanscreekmauritius.com\/fr\/wp-json\/wp\/v2\/users\/1"}],"replies":[{"embeddable":true,"href":"https:\/\/oceanscreekmauritius.com\/fr\/wp-json\/wp\/v2\/comments?post=2240"}],"version-history":[{"count":2,"href":"https:\/\/oceanscreekmauritius.com\/fr\/wp-json\/wp\/v2\/pages\/2240\/revisions"}],"predecessor-version":[{"id":2242,"href":"https:\/\/oceanscreekmauritius.com\/fr\/wp-json\/wp\/v2\/pages\/2240\/revisions\/2242"}],"wp:attachment":[{"href":"https:\/\/oceanscreekmauritius.com\/fr\/wp-json\/wp\/v2\/media?parent=2240"}],"curies":[{"name":"wp","href":"https:\/\/api.w.org\/{rel}","templated":true}]}}